{"id":9607,"date":"2025-09-03T22:41:19","date_gmt":"2025-09-03T21:41:19","guid":{"rendered":"https:\/\/bancdelsalimentsgirona.org\/otras-campanas\/"},"modified":"2025-10-02T08:16:15","modified_gmt":"2025-10-02T07:16:15","slug":"otras-campanas","status":"publish","type":"page","link":"https:\/\/bancdelsalimentsgirona.org\/es\/otras-campanas\/","title":{"rendered":"Otras campa\u00f1as"},"content":{"rendered":"\t\t<div data-elementor-type=\"wp-page\" data-elementor-id=\"9607\" class=\"elementor elementor-9607 elementor-8421\" data-elementor-post-type=\"page\">\n\t\t\t\t<div class=\"elementor-element elementor-element-4c5e1a49 e-flex e-con-boxed e-con e-parent\" data-id=\"4c5e1a49\" data-element_type=\"container\" data-e-type=\"container\">\n\t\t\t\t\t<div class=\"e-con-inner\">\n\t\t\t\t<div class=\"elementor-element elementor-element-50464572 elementor-widget elementor-widget-heading\" data-id=\"50464572\" data-element_type=\"widget\" data-e-type=\"widget\" data-widget_type=\"heading.default\">\n\t\t\t\t\t<h1 class=\"elementor-heading-title elementor-size-default\">Altres campanyes<\/h1>\t\t\t\t<\/div>\n\t\t<div class=\"elementor-element elementor-element-3064c06e e-con-full e-flex e-con e-child\" data-id=\"3064c06e\" data-element_type=\"container\" data-e-type=\"container\">\n\t\t\t\t<div class=\"elementor-element elementor-element-caeb101 elementor-widget elementor-widget-button\" data-id=\"caeb101\" data-element_type=\"widget\" data-e-type=\"widget\" data-widget_type=\"button.default\">\n\t\t\t\t\t\t\t\t\t\t<a class=\"elementor-button elementor-button-link elementor-size-sm\" href=\"https:\/\/bancdelsalimentsgirona.org\/es\/hacerse-voluntario\/\">\n\t\t\t\t\t\t<span class=\"elementor-button-content-wrapper\">\n\t\t\t\t\t\t\t\t\t<span class=\"elementor-button-text\">Fer-se voluntari<\/span>\n\t\t\t\t\t<\/span>\n\t\t\t\t\t<\/a>\n\t\t\t\t\t\t\t\t<\/div>\n\t\t\t\t<div class=\"elementor-element elementor-element-1c8c7d88 elementor-widget elementor-widget-button\" data-id=\"1c8c7d88\" data-element_type=\"widget\" data-e-type=\"widget\" data-widget_type=\"button.default\">\n\t\t\t\t\t\t\t\t\t\t<a class=\"elementor-button elementor-button-link elementor-size-sm\" href=\"https:\/\/bancdelsalimentsgirona.org\/es\/donacion-economica\/\">\n\t\t\t\t\t\t<span class=\"elementor-button-content-wrapper\">\n\t\t\t\t\t\t\t\t\t<span class=\"elementor-button-text\">Donacions<\/span>\n\t\t\t\t\t<\/span>\n\t\t\t\t\t<\/a>\n\t\t\t\t\t\t\t\t<\/div>\n\t\t\t\t<\/div>\n\t\t\t\t\t<\/div>\n\t\t\t\t<\/div>\n\t\t<div class=\"elementor-element elementor-element-b439c12 e-flex e-con-boxed e-con e-parent\" data-id=\"b439c12\" data-element_type=\"container\" data-e-type=\"container\">\n\t\t\t\t\t<div class=\"e-con-inner\">\n\t\t\t\t<div class=\"elementor-element elementor-element-48fc8e1 elementor-widget elementor-widget-heading\" data-id=\"48fc8e1\" data-element_type=\"widget\" data-e-type=\"widget\" data-widget_type=\"heading.default\">\n\t\t\t\t\t<h2 class=\"elementor-heading-title elementor-size-default\">Campa\u00f1as solidarias en todo el territorio<\/h2>\t\t\t\t<\/div>\n\t\t\t\t\t<\/div>\n\t\t\t\t<\/div>\n\t\t<div class=\"elementor-element elementor-element-404eb49 e-flex e-con-boxed e-con e-parent\" data-id=\"404eb49\" data-element_type=\"container\" data-e-type=\"container\">\n\t\t\t\t\t<div class=\"e-con-inner\">\n\t\t\t\t<div class=\"elementor-element elementor-element-66de8d0 elementor-widget elementor-widget-text-editor\" data-id=\"66de8d0\" data-element_type=\"widget\" data-e-type=\"widget\" data-widget_type=\"text-editor.default\">\n\t\t\t\t\t\t\t\t\t<p>A lo largo del a\u00f1o, muchas escuelas, institutos, centros c\u00edvicos y empresas han querido dar un paso adelante y organizar campa\u00f1as solidarias de recogida de alimentos. Desde el Banco de Alimentos, hemos estado a su lado ofreci\u00e9ndoles apoyo y recursos para que cada iniciativa fuera un \u00e9xito, adapt\u00e1ndola a las necesidades y posibilidades de cada entorno.<\/p>\t\t\t\t\t\t\t\t<\/div>\n\t\t\t\t\t<\/div>\n\t\t\t\t<\/div>\n\t\t<div class=\"elementor-element elementor-element-61c1e49 e-flex e-con-boxed e-con e-parent\" data-id=\"61c1e49\" data-element_type=\"container\" data-e-type=\"container\">\n\t\t\t\t\t<div class=\"e-con-inner\">\n\t\t<div class=\"elementor-element elementor-element-208b8a4 e-con-full e-flex e-con e-child\" data-id=\"208b8a4\" data-element_type=\"container\" data-e-type=\"container\">\n\t\t\t\t<div class=\"elementor-element elementor-element-4a86f9e elementor-widget elementor-widget-text-editor\" data-id=\"4a86f9e\" data-element_type=\"widget\" data-e-type=\"widget\" data-widget_type=\"text-editor.default\">\n\t\t\t\t\t\t\t\t\t<p>Estas acciones han demostrado, una vez m\u00e1s, el compromiso y la sensibilidad de la comunidad educativa, social y empresarial con las personas en situaci\u00f3n de vulnerabilidad.<br>Gracias a todas estas campa\u00f1as, hemos conseguido recoger 14.036 kilos de alimentos, el equivalente a 39.862,24 \u20ac, que se destinan directamente a garantizar una alimentaci\u00f3n b\u00e1sica y digna para todos.<\/p>\t\t\t\t\t\t\t\t<\/div>\n\t\t\t\t<\/div>\n\t\t<div class=\"elementor-element elementor-element-a9504dd e-con-full e-flex e-con e-child\" data-id=\"a9504dd\" data-element_type=\"container\" data-e-type=\"container\">\n\t\t\t\t<div class=\"elementor-element elementor-element-87b5af2 elementor-widget elementor-widget-heading\" data-id=\"87b5af2\" data-element_type=\"widget\" data-e-type=\"widget\" data-widget_type=\"heading.default\">\n\t\t\t\t\t<h2 class=\"elementor-heading-title elementor-size-default\">Acciones comunitarias que garantizan alimentos b\u00e1sicos para todos<\/h2>\t\t\t\t<\/div>\n\t\t\t\t<\/div>\n\t\t\t\t\t<\/div>\n\t\t\t\t<\/div>\n\t\t<div class=\"elementor-element elementor-element-66d2220 e-flex e-con-boxed e-con e-parent\" data-id=\"66d2220\" data-element_type=\"container\" data-e-type=\"container\">\n\t\t\t\t\t<div class=\"e-con-inner\">\n\t\t\t\t<div class=\"elementor-element elementor-element-81b87b9 elementor-widget elementor-widget-text-editor\" data-id=\"81b87b9\" data-element_type=\"widget\" data-e-type=\"widget\" data-widget_type=\"text-editor.default\">\n\t\t\t\t\t\t\t\t\t<p>Estas cifras son mucho m\u00e1s que n\u00fameros: son el reflejo de la fuerza colectiva y del valor de cada gesto solidario.<\/p>\t\t\t\t\t\t\t\t<\/div>\n\t\t\t\t\t<\/div>\n\t\t\t\t<\/div>\n\t\t<div class=\"elementor-element elementor-element-4982502 e-flex e-con-boxed e-con e-parent\" data-id=\"4982502\" data-element_type=\"container\" data-e-type=\"container\">\n\t\t\t\t\t<div class=\"e-con-inner\">\n\t\t\t\t<div class=\"elementor-element elementor-element-5043c6e gradient-scan elementor-widget elementor-widget-heading\" data-id=\"5043c6e\" data-element_type=\"widget\" data-e-type=\"widget\" data-widget_type=\"heading.default\">\n\t\t\t\t\t<h2 class=\"elementor-heading-title elementor-size-default\">M\u00e1s de 14.000 kg de alimentos para seguir ayudando a quien m\u00e1s lo necesita<\/h2>\t\t\t\t<\/div>\n\t\t\t\t\t<\/div>\n\t\t\t\t<\/div>\n\t\t\t\t<\/div>\n\t\t","protected":false},"excerpt":{"rendered":"<p>Altres campanyes Fer-se voluntari Donacions Campa\u00f1as solidarias en todo el territorio A lo largo del a\u00f1o, muchas escuelas, institutos, centros c\u00edvicos y empresas han querido dar un paso adelante y organizar campa\u00f1as solidarias de recogida de alimentos. Desde el Banco de Alimentos, hemos estado a su lado ofreci\u00e9ndoles apoyo y recursos para que cada iniciativa [&hellip;]<\/p>\n","protected":false},"author":316,"featured_media":0,"parent":0,"menu_order":0,"comment_status":"closed","ping_status":"closed","template":"","meta":{"give_campaign_id":0,"footnotes":""},"class_list":["post-9607","page","type-page","status-publish","hentry"],"campaignId":"","_links":{"self":[{"href":"https:\/\/bancdelsalimentsgirona.org\/es\/wp-json\/wp\/v2\/pages\/9607","targetHints":{"allow":["GET"]}}],"collection":[{"href":"https:\/\/bancdelsalimentsgirona.org\/es\/wp-json\/wp\/v2\/pages"}],"about":[{"href":"https:\/\/bancdelsalimentsgirona.org\/es\/wp-json\/wp\/v2\/types\/page"}],"author":[{"embeddable":true,"href":"https:\/\/bancdelsalimentsgirona.org\/es\/wp-json\/wp\/v2\/users\/316"}],"replies":[{"embeddable":true,"href":"https:\/\/bancdelsalimentsgirona.org\/es\/wp-json\/wp\/v2\/comments?post=9607"}],"version-history":[{"count":0,"href":"https:\/\/bancdelsalimentsgirona.org\/es\/wp-json\/wp\/v2\/pages\/9607\/revisions"}],"wp:attachment":[{"href":"https:\/\/bancdelsalimentsgirona.org\/es\/wp-json\/wp\/v2\/media?parent=9607"}],"curies":[{"name":"wp","href":"https:\/\/api.w.org\/{rel}","templated":true}]}}