{"id":10745,"date":"2025-09-08T15:32:47","date_gmt":"2025-09-08T14:32:47","guid":{"rendered":"https:\/\/bancdelsalimentsgirona.org\/aviso-legal\/"},"modified":"2025-09-25T22:16:25","modified_gmt":"2025-09-25T21:16:25","slug":"aviso-legal","status":"publish","type":"page","link":"https:\/\/bancdelsalimentsgirona.org\/es\/aviso-legal\/","title":{"rendered":"Aviso legal"},"content":{"rendered":"\t\t<div data-elementor-type=\"wp-page\" data-elementor-id=\"10745\" class=\"elementor elementor-10745 elementor-9020\" data-elementor-post-type=\"page\">\n\t\t\t\t<div class=\"elementor-element elementor-element-8d0a1b7 e-flex e-con-boxed e-con e-parent\" data-id=\"8d0a1b7\" data-element_type=\"container\" data-e-type=\"container\">\n\t\t\t\t\t<div class=\"e-con-inner\">\n\t\t\t\t<div class=\"elementor-element elementor-element-5fc1f45 elementor-widget elementor-widget-heading\" data-id=\"5fc1f45\" data-element_type=\"widget\" data-e-type=\"widget\" data-widget_type=\"heading.default\">\n\t\t\t\t\t<h2 class=\"elementor-heading-title elementor-size-default\">Aviso legal\n<\/h2>\t\t\t\t<\/div>\n\t\t\t\t<div class=\"elementor-element elementor-element-c78af62 elementor-widget elementor-widget-text-editor\" data-id=\"c78af62\" data-element_type=\"widget\" data-e-type=\"widget\" data-widget_type=\"text-editor.default\">\n\t\t\t\t\t\t\t\t\t<p><strong>DATOS DE LA IDENTIFICACI\u00d3N Y LA TITULARIDAD DEL DOMINIO<\/strong><\/p>\n<p>En cumplimiento con el deber de informaci\u00f3n recogido en&nbsp;<strong>l\u2019article 10<\/strong>&nbsp;de la&nbsp;<strong>Llei 34\/2002, d\u201911 de juliol<\/strong>, de Servicios de la Sociedad de la Informaci\u00f3n y del comercio electr\u00f3nico, a continuaci\u00f3n se reflejan los siguientes datos: el titular del dominio web:&nbsp;<strong><a href=\"https:\/\/www.bancdelsalimentsgirona.org\/\">https:\/\/www.bancdelsalimentsgirona.org\/<\/a><\/strong>&nbsp;es la &nbsp;<strong>Fundaci\u00f3 Privada Banc dels Aliments de Girona<\/strong>, con NIF&nbsp;<strong>G17457672<\/strong>, con domicilio social en&nbsp;C\/ Palol d&#8217;Onyar 3-5&nbsp;C.P. 17004 Girona Tel\u00e8fon: 972 223 463.<\/p>\n<ul>\n<li>E-mail de contacto:&nbsp;<a href=\"mailto:privacitat@bagirona.org\" target=\"_blank\">privacitat@bagirona.org<\/a><\/li>\n<\/ul><div><br><\/div>\n<p><strong>USUARIOS<\/strong><\/p>\n<p>El acceso y\/o el uso del portal&nbsp;<strong><a href=\"http:\/\/www.bancdelsalimentsgirona.org\">www.bancdelsalimentsgirona.org<\/a><\/strong>&nbsp;atribuye la condici\u00f3n de USUARIO, que acepta desde este acceso y\/o uso, las&nbsp;<strong>Condiciones Generales <\/strong>&nbsp;aqu\u00ed reflejadas. Estas condiciones est\u00e1n concebidas para regular el comportamiento permitido dentro de la misma p\u00e1gina. Estas normas son independientes de los t\u00e9rminos y condiciones establecidos para relacionarnos con otros aspectos como la donaci\u00f3n o el voluntariado.  <\/p>\n<p><strong>USO DEL PORTAL<\/strong><\/p>\n<p>El sitio web&nbsp;<strong><a href=\"http:\/\/www.bancdelsalimentsgirona.org\">www.bancdelsalimentsgirona.org<\/a><\/strong>&nbsp;proporciona l\u2019acc\u00e9s a molta informaci\u00f3, tant de l\u2019activitat com de voluntariat i donacions i que pertanyen a la&nbsp;<strong>Fundaci\u00f3 Privada Banc dels Aliments de Girona&nbsp;<\/strong>&nbsp;oa sus licenciandos, a los que el USUARIO pueda tener acceso. Como USUARIO, se asume la responsabilidad de uso del portal. Esta responsabilidad se extiende al registro necesario para acceder a servicios concretos o contenidos, en caso de llegar a implantarse en un futuro.  <\/p>\n<p>Como USUARIO existe el compromiso de hacer un uso adecuado de los contenidos y servicios que&nbsp;<strong><a href=\"http:\/\/www.bancdelsalimentsgirona.org\">www.bancdelsalimentsgirona.org<\/a><\/strong>&nbsp;ofrece mediante su portal.<\/p>\n<p>Por no aburrir, se llaman parte de los usos que no se pueden dar a los contenidos del sitio: (i) incurrir en actividades il\u00edcitas, ilegales o contrarias a la buena fe y al orden p\u00fablico; (ii) difundir contenidos o propaganda de car\u00e1cter racista, xen\u00f3fobo, pornogr\u00e1fico, de apolog\u00eda del terrorismo o atentatorio contra los derechos humanos; (iii) provocar da\u00f1os a los sistemas f\u00edsicos y l\u00f3gicos de   &nbsp;<strong><a href=\"http:\/\/www.bancdelsalimentsgirona.org\">www.bancdelsalimentsgirona.org<\/a><\/strong>&nbsp;como creadora del sitio web, de sus proveedores o de terceras personas; (iv) introducir o difundir en la red virus inform\u00e1ticos o cualesquiera otros sistemas f\u00edsicos o l\u00f3gicos que sean susceptibles de provocar los da\u00f1os anteriormente citados; (v) intentar acceder y, en su caso, utilizar las cuentas de correo electr\u00f3nico de otros usuarios y modificar o manipular sus mensajes. La    &nbsp;<strong>Fundaci\u00f3 Privada Banc dels Aliments de Girona&nbsp;<\/strong>&nbsp;se reserva el derecho a eliminar todos aquellos comentarios y aportaciones que vulneren el respeto a la dignidad de la persona, que sean discriminatorios, xen\u00f3fobos, racistas, pornogr\u00e1ficos, que atenten contra la juventud o la infancia, el orden o la seguridad p\u00fablica o que, a su criterio, no sean adecuados para su publicaci\u00f3n, en los distintos sitios web, blog. En cualquier caso, &nbsp;<strong><a href=\"http:\/\/www.bancdelsalimentsgirona.org\">www.bancdelsalimentsgirona.org<\/a><\/strong>&nbsp;y su representante legal, no ser\u00e1n responsables de las opiniones publicadas por otros usuarios en aforos, chats u otras herramientas de participaci\u00f3n que pudieran crearse en el futuro.<\/p>\n<p><strong>PROPIEDAD INTELECTUAL E INDUSTRIAL<\/strong><\/p>\n<p><strong>Fundaci\u00f3 Privada Banc dels Aliments de Girona&nbsp;<\/strong>&nbsp;por s\u00ed misma o como cesionaria, es titular de todos los derechos de propiedad intelectual e industrial de su p\u00e1gina web, as\u00ed como de los elementos contenidos en la misma; a t\u00edtulo enunciativo: todo lo que hace referencia a imagen, sonido y audio.<\/p>\t\t\t\t\t\t\t\t<\/div>\n\t\t\t\t\t<\/div>\n\t\t\t\t<\/div>\n\t\t\t\t<\/div>\n\t\t","protected":false},"excerpt":{"rendered":"<p>Aviso legal DATOS DE LA IDENTIFICACI\u00d3N Y LA TITULARIDAD DEL DOMINIO En cumplimiento con el deber de informaci\u00f3n recogido en&nbsp;l\u2019article 10&nbsp;de la&nbsp;Llei 34\/2002, d\u201911 de juliol, de Servicios de la Sociedad de la Informaci\u00f3n y del comercio electr\u00f3nico, a continuaci\u00f3n se reflejan los siguientes datos: el titular del dominio web:&nbsp;https:\/\/www.bancdelsalimentsgirona.org\/&nbsp;es la &nbsp;Fundaci\u00f3 Privada Banc dels [&hellip;]<\/p>\n","protected":false},"author":316,"featured_media":0,"parent":0,"menu_order":0,"comment_status":"closed","ping_status":"closed","template":"","meta":{"give_campaign_id":0,"footnotes":""},"class_list":["post-10745","page","type-page","status-publish","hentry"],"campaignId":"","_links":{"self":[{"href":"https:\/\/bancdelsalimentsgirona.org\/es\/wp-json\/wp\/v2\/pages\/10745","targetHints":{"allow":["GET"]}}],"collection":[{"href":"https:\/\/bancdelsalimentsgirona.org\/es\/wp-json\/wp\/v2\/pages"}],"about":[{"href":"https:\/\/bancdelsalimentsgirona.org\/es\/wp-json\/wp\/v2\/types\/page"}],"author":[{"embeddable":true,"href":"https:\/\/bancdelsalimentsgirona.org\/es\/wp-json\/wp\/v2\/users\/316"}],"replies":[{"embeddable":true,"href":"https:\/\/bancdelsalimentsgirona.org\/es\/wp-json\/wp\/v2\/comments?post=10745"}],"version-history":[{"count":0,"href":"https:\/\/bancdelsalimentsgirona.org\/es\/wp-json\/wp\/v2\/pages\/10745\/revisions"}],"wp:attachment":[{"href":"https:\/\/bancdelsalimentsgirona.org\/es\/wp-json\/wp\/v2\/media?parent=10745"}],"curies":[{"name":"wp","href":"https:\/\/api.w.org\/{rel}","templated":true}]}}