{"id":10740,"date":"2021-11-21T22:51:36","date_gmt":"2021-11-21T21:51:36","guid":{"rendered":"https:\/\/bancdelsalimentsgirona.org\/politica-de-privacidad\/"},"modified":"2025-09-25T22:14:15","modified_gmt":"2025-09-25T21:14:15","slug":"politica-de-privacidad","status":"publish","type":"page","link":"https:\/\/bancdelsalimentsgirona.org\/es\/politica-de-privacidad\/","title":{"rendered":"Pol\u00edtica de privacidad"},"content":{"rendered":"\t\t<div data-elementor-type=\"wp-page\" data-elementor-id=\"10740\" class=\"elementor elementor-10740 elementor-871\" data-elementor-post-type=\"page\">\n\t\t\t\t\t\t<section class=\"elementor-section elementor-top-section elementor-element elementor-element-55aeb754 elementor-section-boxed elementor-section-height-default elementor-section-height-default\" data-id=\"55aeb754\" data-element_type=\"section\" data-e-type=\"section\">\n\t\t\t\t\t\t<div class=\"elementor-container elementor-column-gap-default\">\n\t\t\t\t\t<div class=\"elementor-column elementor-col-100 elementor-top-column elementor-element elementor-element-737a5ff2\" data-id=\"737a5ff2\" data-element_type=\"column\" data-e-type=\"column\">\n\t\t\t<div class=\"elementor-widget-wrap elementor-element-populated\">\n\t\t\t\t\t\t<div class=\"elementor-element elementor-element-223121b elementor-widget elementor-widget-heading\" data-id=\"223121b\" data-element_type=\"widget\" data-e-type=\"widget\" data-widget_type=\"heading.default\">\n\t\t\t\t\t<h2 class=\"elementor-heading-title elementor-size-default\">Pol\u00edtica de privacidad<\/h2>\t\t\t\t<\/div>\n\t\t\t\t<div class=\"elementor-element elementor-element-1392090d elementor-widget elementor-widget-text-editor\" data-id=\"1392090d\" data-element_type=\"widget\" data-e-type=\"widget\" data-widget_type=\"text-editor.default\">\n\t\t\t\t\t\t\t\t\t<p> <\/p><p> <\/p><ol><li><strong> INFORMACI\u00d3N AL USUARIO<\/strong><\/li><\/ol><p><strong>Fundaci\u00f3n Privada Banco de Alimentos de Girona<\/strong> informa a los usuarios de su sitio web sobre su pol\u00edtica respecto al tratamiento y protecci\u00f3n de los datos de car\u00e1cter personal de los usuarios y clientes que puedan recogerse para la navegaci\u00f3n a trav\u00e9s de su sitio web. Esta web no recoge datos personales de los usuarios si \u00e9stos no rellenan el formulario correspondiente y aceptan la pol\u00edtica de protecci\u00f3n de datos de forma expresa. <\/p><p><strong>Fundaci\u00f3n Privada Banco de Alimentos de Girona<\/strong> es el responsable del tratamiento de los datos personales del usuario y le informa que estos datos ser\u00e1n tratados de conformidad con lo dispuesto en las normativas vigentes en materia de protecci\u00f3n de datos personales.<\/p><p>Se informa que, conforme a \u00e9sta, se garantiza al interesado el ejercicio de los derechos de acceso, rectificaci\u00f3n, cancelaci\u00f3n, oposici\u00f3n, portabilidad, olvido y limitaci\u00f3n de los datos que le conciernen, debiendo dirigirse por ello, mediante comunicaci\u00f3n escrita a la siguiente direcci\u00f3n electr\u00f3nica: <strong><a href=\"mailto:privacitat@bagirona.org\">privacidad@bagirona.org.<\/a><\/strong> El titular de los datos resulta informado y consiente de forma expresa el tratamiento de sus datos marcando la casilla correspondiente. El tratamiento de sus datos personales se llevar\u00e1 a cabo bajo las debidas condiciones de seguridad y secreto profesional, por el per\u00edodo que resulte necesario para la finalidad para la que son recabadas y tratadas, y en las condiciones a continuaci\u00f3n se\u00f1aladas. <\/p><p> <\/p><ol start=\"2\"><li><strong> INFORMACI\u00d3N DEL TRATAMIENTO<\/strong><\/li><\/ol><p>Seg\u00fan lo dispuesto en la normativa vigente en materia de protecci\u00f3n de datos de car\u00e1cter personal, el usuario debe recibir informaci\u00f3n puntual y concreta del responsable del tratamiento y sus usos y finalidades. Para ello, se indica la siguiente informaci\u00f3n: <\/p><p><strong>2.1 RESPONSABLE DEL TRATAMIENTO<\/strong><\/p><ul><li>Identidad: <strong>Fundaci\u00f3 Privada Banc dels Aliments de Girona<\/strong><\/li><li>CIF: <strong>G17457672<\/strong><\/li><li>Direcci\u00f3n postal: C\/ Palol de Onyar 3-5 17004 Girona<\/li><\/ul><p>Correo electr\u00f3nico: <a href=\"mailto:privacitat@bagirona.org\">privacidad@bagirona.org<\/a><\/p><p> <\/p><ul><li><strong>2.2 FINALIDAD DEL TRATAMIENTO Y PERIODO DE CONSERVACI\u00d3N<\/strong><\/li><\/ul><p>En la <strong>Fundaci\u00f3n Privada Banc dels Aliments de Girona <\/strong>tratamos la informaci\u00f3n que nos facilitan las personas interesadas para las siguientes finalidades:<\/p><ol><li><strong>A)<\/strong>En caso de donaciones puntuales, gestionar la donaci\u00f3n puntual realizada y emitir el correspondiente Certificado de desgravaci\u00f3n fiscal. Los datos se conservar\u00e1n durante los 10 a\u00f1os siguientes a la donaci\u00f3n. <\/li><li><strong>B)<\/strong> En caso de donaciones peri\u00f3dicas, gestionar las donaciones peri\u00f3dicas y emitir el correspondiente Certificado de desgravaci\u00f3n fiscal. Los datos se conservar\u00e1n durante los 10 a\u00f1os siguientes a la \u00faltima donaci\u00f3n. <\/li><li><strong>C)<\/strong>En caso de consentirlo, el env\u00edo de comunicaciones por diferentes canales de la Fundaci\u00f3n. Los datos se conservar\u00e1n hasta la solicitud de baja del interesado. <\/li><li><strong>D) <\/strong>En caso de inscribirse como voluntario, gestionar el proceso de inscripci\u00f3n y su prestaci\u00f3n de ayuda en las distintas campa\u00f1as, as\u00ed como las comunicaciones vinculadas a la campa\u00f1a. Los datos se conservar\u00e1n durante 10 a\u00f1os despu\u00e9s de la solicitud de baja del interesado como voluntario. <\/li><li><strong>E)<\/strong> Contactar con el usuario interesado para facilitarle la informaci\u00f3n solicitada. Los datos facilitados se conservar\u00e1n durante 6 meses despu\u00e9s de la consulta realizada, salvo que a partir de la misma surja un encargo. <\/li><\/ol><p><strong>2.3 LEGITIMACI\u00d3N DEL TRATAMIENTO<\/strong><\/p><ol><li>Para las finalidades indicadas con las letras A a D del apartado anterior, <strong>Fundaci\u00f3n Privada Banc dels Aliments de Girona<\/strong> se encuentra legitimada por su consentimiento expreso en el momento de introducir los datos de car\u00e1cter personal.<\/li><li>Para el fin indicado como la letra E), <strong>Fundaci\u00f3n Privada Banco de Alimentos de Girona<\/strong> se encuentra legitimada por su inter\u00e9s leg\u00edtimo de gestionar las datos de sus voluntarios.<\/li><\/ol><p><strong>2.4 DESTINATARIOS DE CESIONES O TRANSFERENCIAS<\/strong><\/p><p>Sus datos no ser\u00e1n objeto de ninguna cesi\u00f3n, salvo aquellos datos que deban ser comunicados a la Agencia Tributaria para el cumplimiento de nuestras obligaciones fiscales<\/p><p><strong>2.5 DERECHOS DE LAS PERSONAS INTERESADAS<\/strong><\/p><p>Cualquier interesado tiene derecho a obtener confirmaci\u00f3n sobre si en la <strong>Fundaci\u00f3n Privada Banc dels Aliments de Girona<\/strong> est\u00e1 tratando datos personales que les conciernen, o no. Las personas interesadas tienen derecho a acceder a sus datos personales, as\u00ed como a solicitar la rectificaci\u00f3n de los datos inexactos o, en su caso, solicitar su supresi\u00f3n cuando, entre otros motivos, los datos ya no sean necesarios para los fines que fueron recogidos. En determinadas circunstancias, los interesados \u200b\u200bpodr\u00e1n solicitar la limitaci\u00f3n del tratamiento de sus datos y, en cualquier momento, a oponerse al tratamiento de los mismos.  <\/p><p>Para el ejercicio de los derechos reconocidos, el interesado podr\u00e1 ponerse en contacto a trav\u00e9s de la direcci\u00f3n de correo electr\u00f3nico o direcci\u00f3n postal indicada en el primer p\u00e1rrafo.<\/p><p>Por \u00faltimo, el interesado, especialmente cuando no haya obtenido satisfacci\u00f3n en el ejercicio de sus derechos, tiene derecho a presentar reclamaci\u00f3n ante la autoridad nacional de control, a cuyo efecto debe dirigirse a la AGENCIA ESPA\u00d1OLA DE PROTECCI\u00d3N DE DATOS.<\/p><p> <\/p><ol start=\"3\"><li><strong> MEDIDAS DE SEGURIDAD<\/strong><\/li><\/ol><p>De conformidad con lo dispuesto en las normativas vigentes en materia de protecci\u00f3n de datos personales, <strong>Fundaci\u00f3n Privada Banco de Alimentos de Girona<\/strong> est\u00e1 cumpliendo con todas las obligaciones establecidas para el tratamiento de los datos personales de su responsabilidad, los cuales son tratados de forma l\u00edcita, leal y transparente en relaci\u00f3n con el interesado y adecuados, pertinentes y limitados a lo necesario en relaci\u00f3n con los fines para los cuales.<\/p><p><strong>Fundaci\u00f3n Privada Banco de Alimentos de Girona <\/strong>garantiza que ha implementado pol\u00edticas t\u00e9cnicas y organizativas apropiadas para aplicar las medidas de seguridad que establecen el RGPD y normativa vigente en protecci\u00f3n de datos de car\u00e1cter personal con el fin de proteger los derechos y libertades de los Usuarios y les ha comunicado la informaci\u00f3n adecuada para que puedan ejercerlos.<\/p><p> <\/p><ol start=\"4\"><li><strong> DETALLE DE LOS PRINCIPIOS QUE APLICAMOS A LA INFORMACI\u00d3N PERSONAL<\/strong><\/li><\/ol><p>Para garantizar las exigencias del nuevo reglamento europeo relativo a la protecci\u00f3n de datos de car\u00e1cter personal, hacemos cumplimiento de una serie de principios:<\/p><ul><li><strong>Licitud, lealtad y transparencia<\/strong>: En todo momento el tratamiento de tus datos personales se producir\u00e1 de forma l\u00edcita, leal y transparente, y tienen como punto de partida la solicitud de consentimiento espec\u00edfico para cada uno de los prop\u00f3sitos deseados.<\/li><li><strong>Minimizaci\u00f3n de datos<\/strong>: En todo momento se solicitar\u00e1n los datos que sean exclusivamente necesarios para el cumplimiento del objetivo por el que se soliciten, nunca se pedir\u00e1 informaci\u00f3n que no sea del todo necesaria.<\/li><li><strong>Limitaci\u00f3n en el tiempo de duraci\u00f3n de la conservaci\u00f3n<\/strong>: Los datos solicitados tendr\u00e1n un plazo de expiraci\u00f3n, este plazo podr\u00e1 variar en funci\u00f3n de la finalidad con la que fueron recogidos inicialmente. Puede encontrar m\u00e1s informaci\u00f3n sobre este punto en el apartado anterior 2.2 sobre la FINALIDAD DEL TRATAMIENTO Y PERIODO DE SU CONSERVACI\u00d3N. <\/li><li><strong>Integridad y confidencialidad: <\/strong>Todos los datos recopilados ser\u00e1n tratados de la forma m\u00e1s id\u00f3nea posible, garantizando que se tomar\u00e1n las medidas m\u00e1s adecuadas para que tanto tu seguridad como la confidencialidad se mantengan protegidas.<\/li><\/ul><ol start=\"5\"><li><strong> INFORMACI\u00d3N ADICIONAL SOBRE LA PROTECCI\u00d3N DE DATOS<\/strong><\/li><\/ol><p><strong>CATEGOR\u00cdA DE LOS DATOS QUE SE TRATAN<\/strong><\/p><ul><li>Para dar respuesta a las peticiones y consultas que nos env\u00eden mediante correo electr\u00f3nico, se tratar\u00e1n los datos de la direcci\u00f3n de correo electr\u00f3nico a la que responder y el nombre y apellidos que se nos hayan facilitado.<\/li><li>En caso de rellenar el formulario de voluntariado o donaci\u00f3n, los datos que se tratar\u00e1n ser\u00e1n el nombre, apellidos, D.N.I. o n\u00famero de identificaci\u00f3n personal, direcci\u00f3n completa, un n\u00famero m\u00f3vil para contactar telef\u00f3nicamente y una direcci\u00f3n de correo electr\u00f3nico para poder contactar de forma digital.<\/li><li>El resto de datos son opcionales y solo necesitamos aquellos de los que hemos mencionado para dirigirnos al remitente para poder ponernos en contacto.<\/li><\/ul><p> <\/p><p> <\/p>\t\t\t\t\t\t\t\t<\/div>\n\t\t\t\t\t<\/div>\n\t\t<\/div>\n\t\t\t\t\t<\/div>\n\t\t<\/section>\n\t\t\t\t<\/div>\n\t\t","protected":false},"excerpt":{"rendered":"<p>Pol\u00edtica de privacidad INFORMACI\u00d3N AL USUARIO Fundaci\u00f3n Privada Banco de Alimentos de Girona informa a los usuarios de su sitio web sobre su pol\u00edtica respecto al tratamiento y protecci\u00f3n de los datos de car\u00e1cter personal de los usuarios y clientes que puedan recogerse para la navegaci\u00f3n a trav\u00e9s de su sitio web. Esta web no [&hellip;]<\/p>\n","protected":false},"author":1,"featured_media":0,"parent":0,"menu_order":0,"comment_status":"closed","ping_status":"closed","template":"","meta":{"give_campaign_id":0,"footnotes":""},"class_list":["post-10740","page","type-page","status-publish","hentry"],"campaignId":"","_links":{"self":[{"href":"https:\/\/bancdelsalimentsgirona.org\/es\/wp-json\/wp\/v2\/pages\/10740","targetHints":{"allow":["GET"]}}],"collection":[{"href":"https:\/\/bancdelsalimentsgirona.org\/es\/wp-json\/wp\/v2\/pages"}],"about":[{"href":"https:\/\/bancdelsalimentsgirona.org\/es\/wp-json\/wp\/v2\/types\/page"}],"author":[{"embeddable":true,"href":"https:\/\/bancdelsalimentsgirona.org\/es\/wp-json\/wp\/v2\/users\/1"}],"replies":[{"embeddable":true,"href":"https:\/\/bancdelsalimentsgirona.org\/es\/wp-json\/wp\/v2\/comments?post=10740"}],"version-history":[{"count":0,"href":"https:\/\/bancdelsalimentsgirona.org\/es\/wp-json\/wp\/v2\/pages\/10740\/revisions"}],"wp:attachment":[{"href":"https:\/\/bancdelsalimentsgirona.org\/es\/wp-json\/wp\/v2\/media?parent=10740"}],"curies":[{"name":"wp","href":"https:\/\/api.w.org\/{rel}","templated":true}]}}