{"id":10599,"date":"2025-08-30T23:46:55","date_gmt":"2025-08-30T22:46:55","guid":{"rendered":"https:\/\/bancdelsalimentsgirona.org\/noticias\/"},"modified":"2025-10-02T08:16:14","modified_gmt":"2025-10-02T07:16:14","slug":"noticias","status":"publish","type":"page","link":"https:\/\/bancdelsalimentsgirona.org\/es\/noticias\/","title":{"rendered":"Noticias"},"content":{"rendered":"\t\t<div data-elementor-type=\"wp-page\" data-elementor-id=\"10599\" class=\"elementor elementor-10599 elementor-7626\" data-elementor-post-type=\"page\">\n\t\t\t\t<div class=\"elementor-element elementor-element-300c7d9f e-flex e-con-boxed e-con e-parent\" data-id=\"300c7d9f\" data-element_type=\"container\" data-e-type=\"container\">\n\t\t\t\t\t<div class=\"e-con-inner\">\n\t\t\t\t<div class=\"elementor-element elementor-element-6a832132 elementor-widget elementor-widget-heading\" data-id=\"6a832132\" data-element_type=\"widget\" data-e-type=\"widget\" data-widget_type=\"heading.default\">\n\t\t\t\t\t<h1 class=\"elementor-heading-title elementor-size-default\">Noticias<\/h1>\t\t\t\t<\/div>\n\t\t<div class=\"elementor-element elementor-element-7d2ce1c9 e-con-full e-flex e-con e-child\" data-id=\"7d2ce1c9\" data-element_type=\"container\" data-e-type=\"container\">\n\t\t\t\t<div class=\"elementor-element elementor-element-45686d13 elementor-widget elementor-widget-button\" data-id=\"45686d13\" data-element_type=\"widget\" data-e-type=\"widget\" data-widget_type=\"button.default\">\n\t\t\t\t\t\t\t\t\t\t<a class=\"elementor-button elementor-button-link elementor-size-sm\" href=\"https:\/\/bancdelsalimentsgirona.org\/es\/hacerse-voluntario\/\">\n\t\t\t\t\t\t<span class=\"elementor-button-content-wrapper\">\n\t\t\t\t\t\t\t\t\t<span class=\"elementor-button-text\">Hacerse voluntario<\/span>\n\t\t\t\t\t<\/span>\n\t\t\t\t\t<\/a>\n\t\t\t\t\t\t\t\t<\/div>\n\t\t\t\t<div class=\"elementor-element elementor-element-4d5e4afd elementor-widget elementor-widget-button\" data-id=\"4d5e4afd\" data-element_type=\"widget\" data-e-type=\"widget\" data-widget_type=\"button.default\">\n\t\t\t\t\t\t\t\t\t\t<a class=\"elementor-button elementor-button-link elementor-size-sm\" href=\"https:\/\/bancdelsalimentsgirona.org\/es\/donacion-economica\/\">\n\t\t\t\t\t\t<span class=\"elementor-button-content-wrapper\">\n\t\t\t\t\t\t\t\t\t<span class=\"elementor-button-text\">Donaciones<\/span>\n\t\t\t\t\t<\/span>\n\t\t\t\t\t<\/a>\n\t\t\t\t\t\t\t\t<\/div>\n\t\t\t\t<\/div>\n\t\t\t\t\t<\/div>\n\t\t\t\t<\/div>\n\t\t<div class=\"elementor-element elementor-element-13a11db e-flex e-con-boxed e-con e-parent\" data-id=\"13a11db\" data-element_type=\"container\" data-e-type=\"container\">\n\t\t\t\t\t<div class=\"e-con-inner\">\n\t\t\t\t<div class=\"elementor-element elementor-element-5719409 elementor-grid-3 elementor-grid-tablet-2 elementor-grid-mobile-1 elementor-posts--thumbnail-top elementor-widget elementor-widget-posts\" data-id=\"5719409\" data-element_type=\"widget\" data-e-type=\"widget\" data-settings=\"{&quot;pagination_type&quot;:&quot;load_more_infinite_scroll&quot;,&quot;classic_columns&quot;:&quot;3&quot;,&quot;classic_columns_tablet&quot;:&quot;2&quot;,&quot;classic_columns_mobile&quot;:&quot;1&quot;,&quot;classic_row_gap&quot;:{&quot;unit&quot;:&quot;px&quot;,&quot;size&quot;:35,&quot;sizes&quot;:[]},&quot;classic_row_gap_tablet&quot;:{&quot;unit&quot;:&quot;px&quot;,&quot;size&quot;:&quot;&quot;,&quot;sizes&quot;:[]},&quot;classic_row_gap_mobile&quot;:{&quot;unit&quot;:&quot;px&quot;,&quot;size&quot;:&quot;&quot;,&quot;sizes&quot;:[]},&quot;load_more_spinner&quot;:{&quot;value&quot;:&quot;fas fa-spinner&quot;,&quot;library&quot;:&quot;fa-solid&quot;}}\" data-widget_type=\"posts.classic\">\n\t\t\t\t<div class=\"elementor-widget-container\">\n\t\t\t\t\t\t\t<div class=\"elementor-posts-container elementor-posts elementor-posts--skin-classic elementor-grid\" role=\"list\">\n\t\t\t\t<article class=\"elementor-post elementor-grid-item post-13380 post type-post status-publish format-standard has-post-thumbnail hentry category-comunicacion category-sin-categoria\" role=\"listitem\">\n\t\t\t\t<a class=\"elementor-post__thumbnail__link\" href=\"https:\/\/bancdelsalimentsgirona.org\/es\/el-banco-de-alimentos-llega-a-whatsapp\/\" tabindex=\"-1\" >\n\t\t\t<div class=\"elementor-post__thumbnail\"><img fetchpriority=\"high\" decoding=\"async\" width=\"243\" height=\"300\" src=\"https:\/\/bancdelsalimentsgirona.org\/wp-content\/uploads\/2026\/01\/whatsapp-243x300.jpg\" class=\"attachment-medium size-medium wp-image-13379\" alt=\"\" srcset=\"https:\/\/bancdelsalimentsgirona.org\/wp-content\/uploads\/2026\/01\/whatsapp-243x300.jpg 243w, https:\/\/bancdelsalimentsgirona.org\/wp-content\/uploads\/2026\/01\/whatsapp-828x1024.jpg 828w, https:\/\/bancdelsalimentsgirona.org\/wp-content\/uploads\/2026\/01\/whatsapp-768x950.jpg 768w, https:\/\/bancdelsalimentsgirona.org\/wp-content\/uploads\/2026\/01\/whatsapp.avif 1170w\" sizes=\"(max-width: 243px) 100vw, 243px\" \/><\/div>\n\t\t<\/a>\n\t\t\t\t<div class=\"elementor-post__text\">\n\t\t\t\t<h3 class=\"elementor-post__title\">\n\t\t\t<a href=\"https:\/\/bancdelsalimentsgirona.org\/es\/el-banco-de-alimentos-llega-a-whatsapp\/\" >\n\t\t\t\tEl Banco de Alimentos llega a WhatsApp\t\t\t<\/a>\n\t\t<\/h3>\n\t\t\t\t<div class=\"elementor-post__excerpt\">\n\t\t\t<p>Esta herramienta permitir\u00e1 llegar a m\u00e1s personas y reforzar la sensibilizaci\u00f3n sobre la importancia de garantizar el derecho a una alimentaci\u00f3n digna para todos. El<\/p>\n\t\t<\/div>\n\t\t\t\t<\/div>\n\t\t\t\t<\/article>\n\t\t\t\t<\/div>\n\t\t\t\t\t<span class=\"e-load-more-spinner\">\n\t\t\t\t<svg aria-hidden=\"true\" class=\"e-font-icon-svg e-fas-spinner\" viewBox=\"0 0 512 512\" xmlns=\"http:\/\/www.w3.org\/2000\/svg\"><path d=\"M304 48c0 26.51-21.49 48-48 48s-48-21.49-48-48 21.49-48 48-48 48 21.49 48 48zm-48 368c-26.51 0-48 21.49-48 48s21.49 48 48 48 48-21.49 48-48-21.49-48-48-48zm208-208c-26.51 0-48 21.49-48 48s21.49 48 48 48 48-21.49 48-48-21.49-48-48-48zM96 256c0-26.51-21.49-48-48-48S0 229.49 0 256s21.49 48 48 48 48-21.49 48-48zm12.922 99.078c-26.51 0-48 21.49-48 48s21.49 48 48 48 48-21.49 48-48c0-26.509-21.491-48-48-48zm294.156 0c-26.51 0-48 21.49-48 48s21.49 48 48 48 48-21.49 48-48c0-26.509-21.49-48-48-48zM108.922 60.922c-26.51 0-48 21.49-48 48s21.49 48 48 48 48-21.49 48-48-21.491-48-48-48z\"><\/path><\/svg>\t\t\t<\/span>\n\t\t\n\t\t\t\t\t\t<\/div>\n\t\t\t\t<\/div>\n\t\t\t\t\t<\/div>\n\t\t\t\t<\/div>\n\t\t\t\t<\/div>\n\t\t","protected":false},"excerpt":{"rendered":"<p>Noticias Hacerse voluntario Donaciones<\/p>\n","protected":false},"author":316,"featured_media":0,"parent":0,"menu_order":0,"comment_status":"closed","ping_status":"closed","template":"","meta":{"give_campaign_id":0,"footnotes":""},"class_list":["post-10599","page","type-page","status-publish","hentry"],"campaignId":"","_links":{"self":[{"href":"https:\/\/bancdelsalimentsgirona.org\/es\/wp-json\/wp\/v2\/pages\/10599","targetHints":{"allow":["GET"]}}],"collection":[{"href":"https:\/\/bancdelsalimentsgirona.org\/es\/wp-json\/wp\/v2\/pages"}],"about":[{"href":"https:\/\/bancdelsalimentsgirona.org\/es\/wp-json\/wp\/v2\/types\/page"}],"author":[{"embeddable":true,"href":"https:\/\/bancdelsalimentsgirona.org\/es\/wp-json\/wp\/v2\/users\/316"}],"replies":[{"embeddable":true,"href":"https:\/\/bancdelsalimentsgirona.org\/es\/wp-json\/wp\/v2\/comments?post=10599"}],"version-history":[{"count":0,"href":"https:\/\/bancdelsalimentsgirona.org\/es\/wp-json\/wp\/v2\/pages\/10599\/revisions"}],"wp:attachment":[{"href":"https:\/\/bancdelsalimentsgirona.org\/es\/wp-json\/wp\/v2\/media?parent=10599"}],"curies":[{"name":"wp","href":"https:\/\/api.w.org\/{rel}","templated":true}]}}