{"id":10377,"date":"2025-08-30T08:32:28","date_gmt":"2025-08-30T07:32:28","guid":{"rendered":"https:\/\/bancdelsalimentsgirona.org\/donaciones\/"},"modified":"2025-09-23T22:15:14","modified_gmt":"2025-09-23T21:15:14","slug":"donaciones","status":"publish","type":"page","link":"https:\/\/bancdelsalimentsgirona.org\/es\/donaciones\/","title":{"rendered":"donaciones"},"content":{"rendered":"\t\t<div data-elementor-type=\"wp-page\" data-elementor-id=\"10377\" class=\"elementor elementor-10377 elementor-7296\" data-elementor-post-type=\"page\">\n\t\t\t\t<div class=\"elementor-element elementor-element-ba47531 e-flex e-con-boxed e-con e-parent\" data-id=\"ba47531\" data-element_type=\"container\" data-e-type=\"container\">\n\t\t\t\t\t<div class=\"e-con-inner\">\n\t\t\t\t<div class=\"elementor-element elementor-element-b7216f6 elementor-widget elementor-widget-heading\" data-id=\"b7216f6\" data-element_type=\"widget\" data-e-type=\"widget\" data-widget_type=\"heading.default\">\n\t\t\t\t\t<h2 class=\"elementor-heading-title elementor-size-default\">\u00bfC\u00f3mo puedes colaborar con el Banc dels Aliments de Girona?<\/h2>\t\t\t\t<\/div>\n\t\t<div class=\"elementor-element elementor-element-d16f73b e-con-full e-flex e-con e-child\" data-id=\"d16f73b\" data-element_type=\"container\" data-e-type=\"container\">\n\t\t\t\t<div class=\"elementor-element elementor-element-065f7f8 elementor-widget elementor-widget-text-editor\" data-id=\"065f7f8\" data-element_type=\"widget\" data-e-type=\"widget\" data-widget_type=\"text-editor.default\">\n\t\t\t\t\t\t\t\t\t<p>Hay muchas formas de sumarte a nuestra misi\u00f3n y ayudar a garantizar una alimentaci\u00f3n digna para todos.<\/p>\t\t\t\t\t\t\t\t<\/div>\n\t\t\t\t<\/div>\n\t\t\t\t\t<\/div>\n\t\t\t\t<\/div>\n\t\t<div class=\"elementor-element elementor-element-f25397c e-con-full e-flex e-con e-parent\" data-id=\"f25397c\" data-element_type=\"container\" data-e-type=\"container\">\n\t\t<div class=\"elementor-element elementor-element-d76cf04 e-con-full e-flex e-con e-child\" data-id=\"d76cf04\" data-element_type=\"container\" data-e-type=\"container\">\n\t\t\t\t<div class=\"elementor-element elementor-element-410a781 elementor-widget elementor-widget-button\" data-id=\"410a781\" data-element_type=\"widget\" data-e-type=\"widget\" data-widget_type=\"button.default\">\n\t\t\t\t\t\t\t\t\t\t<a class=\"elementor-button elementor-size-sm\" role=\"button\">\n\t\t\t\t\t\t<span class=\"elementor-button-content-wrapper\">\n\t\t\t\t\t\t\t\t\t<span class=\"elementor-button-text\">Quiero hacer una donaci\u00f3n<\/span>\n\t\t\t\t\t<\/span>\n\t\t\t\t\t<\/a>\n\t\t\t\t\t\t\t\t<\/div>\n\t\t\t\t<\/div>\n\t\t<div class=\"elementor-element elementor-element-ab9e66b e-con-full e-flex e-con e-child\" data-id=\"ab9e66b\" data-element_type=\"container\" data-e-type=\"container\" data-settings=\"{&quot;background_background&quot;:&quot;classic&quot;}\">\n\t\t\t\t<\/div>\n\t\t<div class=\"elementor-element elementor-element-fb4cb5b e-con-full e-flex e-con e-child\" data-id=\"fb4cb5b\" data-element_type=\"container\" data-e-type=\"container\">\n\t\t\t\t<div class=\"elementor-element elementor-element-4f0ad4e elementor-widget elementor-widget-button\" data-id=\"4f0ad4e\" data-element_type=\"widget\" data-e-type=\"widget\" data-widget_type=\"button.default\">\n\t\t\t\t\t\t\t\t\t\t<a class=\"elementor-button elementor-button-link elementor-size-sm\" href=\"#\">\n\t\t\t\t\t\t<span class=\"elementor-button-content-wrapper\">\n\t\t\t\t\t\t\t\t\t<span class=\"elementor-button-text\">Donaci\u00f3n de herencias y legados<\/span>\n\t\t\t\t\t<\/span>\n\t\t\t\t\t<\/a>\n\t\t\t\t\t\t\t\t<\/div>\n\t\t\t\t<\/div>\n\t\t\t\t<\/div>\n\t\t<div class=\"elementor-element elementor-element-79b60ca e-flex e-con-boxed e-con e-parent\" data-id=\"79b60ca\" data-element_type=\"container\" data-e-type=\"container\">\n\t\t\t\t\t<div class=\"e-con-inner\">\n\t\t<div class=\"elementor-element elementor-element-d320cdb e-con-full e-flex e-con e-child\" data-id=\"d320cdb\" data-element_type=\"container\" data-e-type=\"container\">\n\t\t\t\t<div class=\"elementor-element elementor-element-3047d9f elementor-widget elementor-widget-heading\" data-id=\"3047d9f\" data-element_type=\"widget\" data-e-type=\"widget\" data-widget_type=\"heading.default\">\n\t\t\t\t\t<span class=\"elementor-heading-title elementor-size-default\">\u00bfEres un particular? Puedes realizar donaciones de alimentos a las diferentes campa\u00f1as solidarias que organizamos a lo largo del a\u00f1o, o bien realizar aportaciones econ\u00f3micas -puntuales o peri\u00f3dicas- que se destinar\u00e1n \u00edntegramente a la compra de alimentos.\n<br><br>\u00bfEres una empresa? Puedes contactarnos directamente por tel\u00e9fono o correo electr\u00f3nico y te guiaremos para que tu colaboraci\u00f3n tenga el m\u00e1ximo impacto.<\/span>\t\t\t\t<\/div>\n\t\t\t\t<\/div>\n\t\t\t\t\t<\/div>\n\t\t\t\t<\/div>\n\t\t<div class=\"elementor-element elementor-element-143cd337 e-con-full elementor-hidden-mobile elementor-hidden-desktop elementor-hidden-tablet e-flex e-con e-parent\" data-id=\"143cd337\" data-element_type=\"container\" data-e-type=\"container\" id=\"main-section\" data-settings=\"{&quot;motion_fx_motion_fx_scrolling&quot;:&quot;yes&quot;,&quot;motion_fx_translateY_effect&quot;:&quot;yes&quot;,&quot;motion_fx_translateY_speed&quot;:{&quot;unit&quot;:&quot;px&quot;,&quot;size&quot;:4,&quot;sizes&quot;:[]},&quot;motion_fx_translateY_affectedRange&quot;:{&quot;unit&quot;:&quot;%&quot;,&quot;size&quot;:&quot;&quot;,&quot;sizes&quot;:{&quot;start&quot;:0,&quot;end&quot;:100}},&quot;motion_fx_devices&quot;:[&quot;desktop&quot;,&quot;tablet&quot;,&quot;mobile&quot;]}\">\n\t\t<div class=\"elementor-element elementor-element-d0efed6 e-con-full elementor-hidden-mobile e-flex e-con e-child\" data-id=\"d0efed6\" data-element_type=\"container\" data-e-type=\"container\">\n\t\t\t\t<div class=\"elementor-element elementor-element-5293ecad elementor-hidden-mobile elementor-widget elementor-widget-image\" data-id=\"5293ecad\" data-element_type=\"widget\" data-e-type=\"widget\" data-widget_type=\"image.default\">\n\t\t\t\t\t\t\t\t\t\t\t\t\t\t\t<img fetchpriority=\"high\" decoding=\"async\" width=\"683\" height=\"1024\" src=\"https:\/\/bancdelsalimentsgirona.org\/wp-content\/uploads\/2025\/08\/250828BancAliments72-683x1024.webp\" class=\"attachment-large size-large wp-image-10376\" alt=\"\" srcset=\"https:\/\/bancdelsalimentsgirona.org\/wp-content\/uploads\/2025\/08\/250828BancAliments72-683x1024.webp 683w, https:\/\/bancdelsalimentsgirona.org\/wp-content\/uploads\/2025\/08\/250828BancAliments72-200x300.webp 200w, https:\/\/bancdelsalimentsgirona.org\/wp-content\/uploads\/2025\/08\/250828BancAliments72-768x1152.webp 768w, https:\/\/bancdelsalimentsgirona.org\/wp-content\/uploads\/2025\/08\/250828BancAliments72-1024x1536.webp 1024w, https:\/\/bancdelsalimentsgirona.org\/wp-content\/uploads\/2025\/08\/250828BancAliments72-1365x2048.webp 1365w, https:\/\/bancdelsalimentsgirona.org\/wp-content\/uploads\/2025\/08\/250828BancAliments72-scaled.webp 1707w\" sizes=\"(max-width: 683px) 100vw, 683px\" \/>\t\t\t\t\t\t\t\t\t\t\t\t\t\t\t<\/div>\n\t\t\t\t<\/div>\n\t\t<div class=\"elementor-element elementor-element-61da6d96 e-con-full e-flex e-con e-child\" data-id=\"61da6d96\" data-element_type=\"container\" data-e-type=\"container\" id=\"form-scroll\">\n\t\t\t\t<div class=\"elementor-element elementor-element-dc8cb5 elementor-widget elementor-widget-theme-site-logo elementor-widget-image\" data-id=\"dc8cb5\" data-element_type=\"widget\" data-e-type=\"widget\" data-widget_type=\"theme-site-logo.default\">\n\t\t\t\t\t\t\t\t\t\t\t<a href=\"https:\/\/bancdelsalimentsgirona.org\/es\/\">\n\t\t\t<img decoding=\"async\" width=\"512\" height=\"147\" src=\"https:\/\/bancdelsalimentsgirona.org\/wp-content\/uploads\/2025\/08\/cropped-logo_wordpress.png\" class=\"attachment-full size-full wp-image-5970\" alt=\"Logotip oficial del Banc dels Aliments de Girona per a accions de solidaritat i distribuci\u00f3 d\u2019aliments\" srcset=\"https:\/\/bancdelsalimentsgirona.org\/wp-content\/uploads\/2025\/08\/cropped-logo_wordpress.png 512w, https:\/\/bancdelsalimentsgirona.org\/wp-content\/uploads\/2025\/08\/cropped-logo_wordpress-300x86.png 300w\" sizes=\"(max-width: 512px) 100vw, 512px\" \/>\t\t\t\t<\/a>\n\t\t\t\t\t\t\t\t\t\t\t<\/div>\n\t\t\t\t<div class=\"elementor-element elementor-element-1d1fc503 elementor-widget elementor-widget-heading\" data-id=\"1d1fc503\" data-element_type=\"widget\" data-e-type=\"widget\" data-widget_type=\"heading.default\">\n\t\t\t\t\t<h2 class=\"elementor-heading-title elementor-size-default\">Haga una donaci\u00f3n<\/h2>\t\t\t\t<\/div>\n\t\t<div class=\"elementor-element elementor-element-1ac1c1d7 e-con-full e-flex e-con e-child\" data-id=\"1ac1c1d7\" data-element_type=\"container\" data-e-type=\"container\">\n\t\t\t\t<div class=\"elementor-element elementor-element-3173a89f elementor-widget elementor-widget-heading\" data-id=\"3173a89f\" data-element_type=\"widget\" data-e-type=\"widget\" id=\"fiscals\" data-widget_type=\"heading.default\">\n\t\t\t\t\t<h2 class=\"elementor-heading-title elementor-size-default\">*Beneficios fiscales<\/h2>\t\t\t\t<\/div>\n\t\t\t\t<div class=\"elementor-element elementor-element-6641b895 elementor-widget elementor-widget-heading\" data-id=\"6641b895\" data-element_type=\"widget\" data-e-type=\"widget\" data-widget_type=\"heading.default\">\n\t\t\t\t\t<h2 class=\"elementor-heading-title elementor-size-default\">Puedes recuperar <b>hasta<\/b> <b>el 80%<\/b> de tus aportaciones como colaborador<\/h2>\t\t\t\t<\/div>\n\t\t\t\t<div class=\"elementor-element elementor-element-1dc8165b elementor-widget elementor-widget-text-editor\" data-id=\"1dc8165b\" data-element_type=\"widget\" data-e-type=\"widget\" data-widget_type=\"text-editor.default\">\n\t\t\t\t\t\t\t\t\t<p>Puedes desgravar las aportaciones en tu declaraci\u00f3n de renta.<\/p>\t\t\t\t\t\t\t\t<\/div>\n\t\t\t\t<\/div>\n\t\t<div class=\"elementor-element elementor-element-97861dc e-con-full e-flex e-con e-child\" data-id=\"97861dc\" data-element_type=\"container\" data-e-type=\"container\">\n\t\t<div class=\"elementor-element elementor-element-70b8634c e-con-full e-flex e-con e-child\" data-id=\"70b8634c\" data-element_type=\"container\" data-e-type=\"container\">\n\t\t\t\t<div class=\"elementor-element elementor-element-66874ee6 elementor-widget elementor-widget-counter\" data-id=\"66874ee6\" data-element_type=\"widget\" data-e-type=\"widget\" data-widget_type=\"counter.default\">\n\t\t\t\t\t\t\t<div class=\"elementor-counter\">\n\t\t\t<div class=\"elementor-counter-title\">de los primeros 250\u202f\u20ac te deduces 200\u202f\u20ac<\/div>\t\t\t<div class=\"elementor-counter-number-wrapper\">\n\t\t\t\t<span class=\"elementor-counter-number-prefix\"><\/span>\n\t\t\t\t<span class=\"elementor-counter-number\" data-duration=\"\" data-to-value=\"80\" data-from-value=\"0\" data-delimiter=\".\">0<\/span>\n\t\t\t\t<span class=\"elementor-counter-number-suffix\">%<\/span>\n\t\t\t<\/div>\n\t\t<\/div>\n\t\t\t\t\t\t<\/div>\n\t\t\t\t<\/div>\n\t\t<div class=\"elementor-element elementor-element-59b20f76 e-con-full e-flex e-con e-child\" data-id=\"59b20f76\" data-element_type=\"container\" data-e-type=\"container\">\n\t\t\t\t<div class=\"elementor-element elementor-element-2624b4ae elementor-widget elementor-widget-counter\" data-id=\"2624b4ae\" data-element_type=\"widget\" data-e-type=\"widget\" data-widget_type=\"counter.default\">\n\t\t\t\t\t\t\t<div class=\"elementor-counter\">\n\t\t\t<div class=\"elementor-counter-title\">a partir de 250\u202f\u20ac te deduces el 40\u202f%<\/div>\t\t\t<div class=\"elementor-counter-number-wrapper\">\n\t\t\t\t<span class=\"elementor-counter-number-prefix\"><\/span>\n\t\t\t\t<span class=\"elementor-counter-number\" data-duration=\"\" data-to-value=\"40\" data-from-value=\"0\" data-delimiter=\",\">0<\/span>\n\t\t\t\t<span class=\"elementor-counter-number-suffix\">%<\/span>\n\t\t\t<\/div>\n\t\t<\/div>\n\t\t\t\t\t\t<\/div>\n\t\t\t\t<\/div>\n\t\t<div class=\"elementor-element elementor-element-563fb3a3 e-con-full e-flex e-con e-child\" data-id=\"563fb3a3\" data-element_type=\"container\" data-e-type=\"container\">\n\t\t\t\t<div class=\"elementor-element elementor-element-2749bad6 elementor-widget elementor-widget-counter\" data-id=\"2749bad6\" data-element_type=\"widget\" data-e-type=\"widget\" data-widget_type=\"counter.default\">\n\t\t\t\t\t\t\t<div class=\"elementor-counter\">\n\t\t\t<div class=\"elementor-counter-title\">si durante tres a\u00f1os has hecho donativos por importe igual o superior al del ejercicio anterior<\/div>\t\t\t<div class=\"elementor-counter-number-wrapper\">\n\t\t\t\t<span class=\"elementor-counter-number-prefix\"><\/span>\n\t\t\t\t<span class=\"elementor-counter-number\" data-duration=\"\" data-to-value=\"45\" data-from-value=\"0\" data-delimiter=\",\">0<\/span>\n\t\t\t\t<span class=\"elementor-counter-number-suffix\">%<\/span>\n\t\t\t<\/div>\n\t\t<\/div>\n\t\t\t\t\t\t<\/div>\n\t\t\t\t<\/div>\n\t\t\t\t<\/div>\n\t\t<div class=\"elementor-element elementor-element-2950fc85 e-con-full e-flex e-con e-child\" data-id=\"2950fc85\" data-element_type=\"container\" data-e-type=\"container\">\n\t\t<div class=\"elementor-element elementor-element-73d7aeba e-con-full e-flex e-con e-child\" data-id=\"73d7aeba\" data-element_type=\"container\" data-e-type=\"container\">\n\t\t\t\t<div class=\"elementor-element elementor-element-55b7041f elementor-widget elementor-widget-text-editor\" data-id=\"55b7041f\" data-element_type=\"widget\" data-e-type=\"widget\" data-widget_type=\"text-editor.default\">\n\t\t\t\t\t\t\t\t\t<p>Hasta un 10% de base liquidable<\/p>\t\t\t\t\t\t\t\t<\/div>\n\t\t\t\t<\/div>\n\t\t\t\t<\/div>\n\t\t\t\t<\/div>\n\t\t\t\t<\/div>\n\t\t<div class=\"elementor-element elementor-element-00c0092 elementor-hidden-desktop elementor-hidden-tablet elementor-hidden-mobile e-flex e-con-boxed e-con e-parent\" data-id=\"00c0092\" data-element_type=\"container\" data-e-type=\"container\">\n\t\t\t\t\t<div class=\"e-con-inner\">\n\t\t\t\t<div class=\"elementor-element elementor-element-85b369e elementor-widget elementor-widget-heading\" data-id=\"85b369e\" data-element_type=\"widget\" data-e-type=\"widget\" data-widget_type=\"heading.default\">\n\t\t\t\t\t<h2 class=\"elementor-heading-title elementor-size-default\">Haga una donaci\u00f3n econ\u00f3mica<\/h2>\t\t\t\t<\/div>\n\t\t\t\t\t<\/div>\n\t\t\t\t<\/div>\n\t\t<div class=\"elementor-element elementor-element-9ff2558 e-flex e-con-boxed e-con e-parent\" data-id=\"9ff2558\" data-element_type=\"container\" data-e-type=\"container\">\n\t\t\t\t\t<div class=\"e-con-inner\">\n\t\t\t\t<div class=\"elementor-element elementor-element-045bf0d elementor-widget elementor-widget-heading\" data-id=\"045bf0d\" data-element_type=\"widget\" data-e-type=\"widget\" data-widget_type=\"heading.default\">\n\t\t\t\t\t<h2 class=\"elementor-heading-title elementor-size-default\">Donaci\u00f3n de herencias y legados\n<\/h2>\t\t\t\t<\/div>\n\t\t<div class=\"elementor-element elementor-element-4f21cb7 e-con-full e-flex e-con e-child\" data-id=\"4f21cb7\" data-element_type=\"container\" data-e-type=\"container\">\n\t\t\t\t<div class=\"elementor-element elementor-element-bf9e765 elementor-widget elementor-widget-text-editor\" data-id=\"bf9e765\" data-element_type=\"widget\" data-e-type=\"widget\" data-widget_type=\"text-editor.default\">\n\t\t\t\t\t\t\t\t\t<div class=\"whads-header-gblock__summary\"><p><strong>Deja un legado de esperanza<\/strong><\/p><\/div><div class=\"whads-header-gblock__description\"><p>El <strong>testamento abierto<\/strong> es un acto de disposici\u00f3n formalizado ante notario, que permite disponer en el momento de la muerte de nuestros bienes presentes y futuros a favor de la persona\/s o entidades de nuestro inter\u00e9s.<\/p><p>La falta de testamento da lugar a la distribuci\u00f3n de nuestros bienes a favor de las personas que establece la ley y en el orden que se determina, sin tener en cuenta nuestra voluntad. De ah\u00ed la importancia de realizar testamento.<\/p><p>La donaci\u00f3n puede ser de la totalidad de nuestros bienes o de una parte de dichos bienes (<strong>herencia<\/strong>) o, tambi\u00e9n, de unos bienes en concreto (<strong>legado<\/strong>) e incluye todo tipo de bienes muebles (dinero, activos financieros\u2026) o inmuebles (pisos, solares\u2026).<\/p><\/div>\t\t\t\t\t\t\t\t<\/div>\n\t\t\t\t<\/div>\n\t\t\t\t\t<\/div>\n\t\t\t\t<\/div>\n\t\t\t\t<\/div>\n\t\t","protected":false},"excerpt":{"rendered":"<p>\u00bfC\u00f3mo puedes colaborar con el Banc dels Aliments de Girona? Hay muchas formas de sumarte a nuestra misi\u00f3n y ayudar a garantizar una alimentaci\u00f3n digna para todos. Quiero hacer una donaci\u00f3n Donaci\u00f3n de herencias y legados \u00bfEres un particular? Puedes realizar donaciones de alimentos a las diferentes campa\u00f1as solidarias que organizamos a lo largo del [&hellip;]<\/p>\n","protected":false},"author":316,"featured_media":0,"parent":0,"menu_order":0,"comment_status":"closed","ping_status":"closed","template":"","meta":{"give_campaign_id":0,"footnotes":""},"class_list":["post-10377","page","type-page","status-publish","hentry"],"campaignId":"","_links":{"self":[{"href":"https:\/\/bancdelsalimentsgirona.org\/es\/wp-json\/wp\/v2\/pages\/10377","targetHints":{"allow":["GET"]}}],"collection":[{"href":"https:\/\/bancdelsalimentsgirona.org\/es\/wp-json\/wp\/v2\/pages"}],"about":[{"href":"https:\/\/bancdelsalimentsgirona.org\/es\/wp-json\/wp\/v2\/types\/page"}],"author":[{"embeddable":true,"href":"https:\/\/bancdelsalimentsgirona.org\/es\/wp-json\/wp\/v2\/users\/316"}],"replies":[{"embeddable":true,"href":"https:\/\/bancdelsalimentsgirona.org\/es\/wp-json\/wp\/v2\/comments?post=10377"}],"version-history":[{"count":0,"href":"https:\/\/bancdelsalimentsgirona.org\/es\/wp-json\/wp\/v2\/pages\/10377\/revisions"}],"wp:attachment":[{"href":"https:\/\/bancdelsalimentsgirona.org\/es\/wp-json\/wp\/v2\/media?parent=10377"}],"curies":[{"name":"wp","href":"https:\/\/api.w.org\/{rel}","templated":true}]}}