{"id":10300,"date":"2025-09-16T21:52:03","date_gmt":"2025-09-16T20:52:03","guid":{"rendered":"https:\/\/bancdelsalimentsgirona.org\/colabora\/"},"modified":"2025-10-02T08:16:15","modified_gmt":"2025-10-02T07:16:15","slug":"colabora","status":"publish","type":"page","link":"https:\/\/bancdelsalimentsgirona.org\/es\/colabora\/","title":{"rendered":"colabora"},"content":{"rendered":"\t\t<div data-elementor-type=\"wp-page\" data-elementor-id=\"10300\" class=\"elementor elementor-10300 elementor-9832\" data-elementor-post-type=\"page\">\n\t\t\t\t<div class=\"elementor-element elementor-element-95f23e5 e-flex e-con-boxed e-con e-parent\" data-id=\"95f23e5\" data-element_type=\"container\" data-e-type=\"container\">\n\t\t\t\t\t<div class=\"e-con-inner\">\n\t\t\t\t<div class=\"elementor-element elementor-element-76037a88 elementor-widget elementor-widget-heading\" data-id=\"76037a88\" data-element_type=\"widget\" data-e-type=\"widget\" data-widget_type=\"heading.default\">\n\t\t\t\t\t<h1 class=\"elementor-heading-title elementor-size-default\">Fes-te voluntari<\/h1>\t\t\t\t<\/div>\n\t\t<div class=\"elementor-element elementor-element-46e8fbdd e-con-full e-flex e-con e-child\" data-id=\"46e8fbdd\" data-element_type=\"container\" data-e-type=\"container\">\n\t\t\t\t<div class=\"elementor-element elementor-element-795b8dfe elementor-widget elementor-widget-button\" data-id=\"795b8dfe\" data-element_type=\"widget\" data-e-type=\"widget\" data-widget_type=\"button.default\">\n\t\t\t\t\t\t\t\t\t\t<a class=\"elementor-button elementor-button-link elementor-size-sm\" href=\"https:\/\/bancdelsalimentsgirona.org\/es\/hacerse-voluntario\/\">\n\t\t\t\t\t\t<span class=\"elementor-button-content-wrapper\">\n\t\t\t\t\t\t\t\t\t<span class=\"elementor-button-text\">Fer-se voluntari<\/span>\n\t\t\t\t\t<\/span>\n\t\t\t\t\t<\/a>\n\t\t\t\t\t\t\t\t<\/div>\n\t\t\t\t<div class=\"elementor-element elementor-element-5a7e00b2 elementor-widget elementor-widget-button\" data-id=\"5a7e00b2\" data-element_type=\"widget\" data-e-type=\"widget\" data-widget_type=\"button.default\">\n\t\t\t\t\t\t\t\t\t\t<a class=\"elementor-button elementor-button-link elementor-size-sm\" href=\"https:\/\/bancdelsalimentsgirona.org\/es\/donacion-economica\/\">\n\t\t\t\t\t\t<span class=\"elementor-button-content-wrapper\">\n\t\t\t\t\t\t\t\t\t<span class=\"elementor-button-text\">Donacions<\/span>\n\t\t\t\t\t<\/span>\n\t\t\t\t\t<\/a>\n\t\t\t\t\t\t\t\t<\/div>\n\t\t\t\t<\/div>\n\t\t\t\t\t<\/div>\n\t\t\t\t<\/div>\n\t\t<div class=\"elementor-element elementor-element-11d87e7 e-flex e-con-boxed e-con e-parent\" data-id=\"11d87e7\" data-element_type=\"container\" data-e-type=\"container\" data-settings=\"{&quot;background_background&quot;:&quot;classic&quot;,&quot;shape_divider_bottom&quot;:&quot;waves&quot;}\">\n\t\t\t\t\t<div class=\"e-con-inner\">\n\t\t\t\t<div class=\"elementor-shape elementor-shape-bottom\" aria-hidden=\"true\" data-negative=\"false\">\n\t\t\t<svg xmlns=\"http:\/\/www.w3.org\/2000\/svg\" viewBox=\"0 0 1000 100\" preserveAspectRatio=\"none\">\n\t<path class=\"elementor-shape-fill\" d=\"M421.9,6.5c22.6-2.5,51.5,0.4,75.5,5.3c23.6,4.9,70.9,23.5,100.5,35.7c75.8,32.2,133.7,44.5,192.6,49.7\n\tc23.6,2.1,48.7,3.5,103.4-2.5c54.7-6,106.2-25.6,106.2-25.6V0H0v30.3c0,0,72,32.6,158.4,30.5c39.2-0.7,92.8-6.7,134-22.4\n\tc21.2-8.1,52.2-18.2,79.7-24.2C399.3,7.9,411.6,7.5,421.9,6.5z\"\/>\n<\/svg>\t\t<\/div>\n\t\t\t\t<div class=\"elementor-element elementor-element-df95d80 elementor-widget elementor-widget-heading\" data-id=\"df95d80\" data-element_type=\"widget\" data-e-type=\"widget\" data-widget_type=\"heading.default\">\n\t\t\t\t\t<h2 class=\"elementor-heading-title elementor-size-default\">Quiero hacerme voluntariado<\/h2>\t\t\t\t<\/div>\n\t\t\t\t<div class=\"elementor-element elementor-element-bc5c236 elementor-widget elementor-widget-text-editor\" data-id=\"bc5c236\" data-element_type=\"widget\" data-e-type=\"widget\" data-widget_type=\"text-editor.default\">\n\t\t\t\t\t\t\t\t\t<p>El Banc dels Aliments cuenta con m\u00e1s de 200 colaboradores regulares, aportando su tiempo y sus conocimientos, para ayudar a los m\u00e1s necesitados. Puedes unirte de forma estable o tambi\u00e9n participar de forma puntual. <\/p>\t\t\t\t\t\t\t\t<\/div>\n\t\t\t\t\t<\/div>\n\t\t\t\t<\/div>\n\t\t<div class=\"elementor-element elementor-element-1597cee e-flex e-con-boxed e-con e-parent\" data-id=\"1597cee\" data-element_type=\"container\" data-e-type=\"container\" data-settings=\"{&quot;background_background&quot;:&quot;classic&quot;}\">\n\t\t\t\t\t<div class=\"e-con-inner\">\n\t\t<div class=\"elementor-element elementor-element-e294051 e-con-full e-flex e-con e-child\" data-id=\"e294051\" data-element_type=\"container\" data-e-type=\"container\">\n\t\t\t\t<div class=\"elementor-element elementor-element-7c08136 elementor-widget elementor-widget-heading\" data-id=\"7c08136\" data-element_type=\"widget\" data-e-type=\"widget\" data-widget_type=\"heading.default\">\n\t\t\t\t\t<h2 class=\"elementor-heading-title elementor-size-default\">Tipo de voluntariado\n<\/h2>\t\t\t\t<\/div>\n\t\t\t\t<\/div>\n\t\t<div class=\"elementor-element elementor-element-177cbc6 e-con-full e-flex e-con e-child\" data-id=\"177cbc6\" data-element_type=\"container\" data-e-type=\"container\">\n\t\t\t\t<div class=\"elementor-element elementor-element-ba5e7fa elementor-cta--skin-classic elementor-animated-content elementor-bg-transform elementor-bg-transform-zoom-in elementor-widget elementor-widget-call-to-action\" data-id=\"ba5e7fa\" data-element_type=\"widget\" data-e-type=\"widget\" data-settings=\"{&quot;_animation_mobile&quot;:&quot;zoomIn&quot;}\" data-widget_type=\"call-to-action.default\">\n\t\t\t\t\t\t\t<a class=\"elementor-cta\" href=\"https:\/\/bancdelsalimentsgirona.org\/es\/hacerse-voluntario\/\">\n\t\t\t\t\t<div class=\"elementor-cta__bg-wrapper\">\n\t\t\t\t<div class=\"elementor-cta__bg elementor-bg\" style=\"background-image: url(https:\/\/bancdelsalimentsgirona.org\/wp-content\/uploads\/2025\/08\/250828BancAliments38-683x1024.webp);\" role=\"img\" aria-label=\"250828BancAliments38\"><\/div>\n\t\t\t\t<div class=\"elementor-cta__bg-overlay\"><\/div>\n\t\t\t<\/div>\n\t\t\t\t\t\t\t<div class=\"elementor-cta__content\">\n\t\t\t\t\n\t\t\t\t\t\t\t\t\t<h2 class=\"elementor-cta__title elementor-cta__content-item elementor-content-item\">\n\t\t\t\t\t\tVoluntariado puntual\t\t\t\t\t<\/h2>\n\t\t\t\t\n\t\t\t\t\t\t\t\t\t<div class=\"elementor-cta__description elementor-cta__content-item elementor-content-item\">\n\t\t\t\t\t\t\u00danete a las campa\u00f1as solidarias de recogida de alimentos que necesitan de la colaboraci\u00f3n de personas voluntarias. A menudo estas campa\u00f1as\nse realizan durante los fines de semana. \t\t\t\t\t<\/div>\n\t\t\t\t\n\t\t\t\t\t\t\t\t\t<div class=\"elementor-cta__button-wrapper elementor-cta__content-item elementor-content-item \">\n\t\t\t\t\t<span class=\"elementor-cta__button elementor-button elementor-size-\">\n\t\t\t\t\t\tHaga clic aqu\u00ed\t\t\t\t\t<\/span>\n\t\t\t\t\t<\/div>\n\t\t\t\t\t\t\t<\/div>\n\t\t\t\t\t\t<\/a>\n\t\t\t\t\t\t<\/div>\n\t\t\t\t<\/div>\n\t\t<div class=\"elementor-element elementor-element-11fa989 e-con-full e-flex e-con e-child\" data-id=\"11fa989\" data-element_type=\"container\" data-e-type=\"container\">\n\t\t\t\t<div class=\"elementor-element elementor-element-b0799fa elementor-cta--skin-classic elementor-animated-content elementor-bg-transform elementor-bg-transform-zoom-in elementor-widget elementor-widget-call-to-action\" data-id=\"b0799fa\" data-element_type=\"widget\" data-e-type=\"widget\" data-settings=\"{&quot;_animation_mobile&quot;:&quot;zoomIn&quot;}\" data-widget_type=\"call-to-action.default\">\n\t\t\t\t\t\t\t<a class=\"elementor-cta\" href=\"https:\/\/bancdelsalimentsgirona.org\/es\/quiero-hacer-voluntariado-estable\/\">\n\t\t\t\t\t<div class=\"elementor-cta__bg-wrapper\">\n\t\t\t\t<div class=\"elementor-cta__bg elementor-bg\" style=\"background-image: url(https:\/\/bancdelsalimentsgirona.org\/wp-content\/uploads\/2024\/12\/Imatge-de-WhatsApp-2024-12-12-a-les-14.47.16_7bdaf966-1024x682.jpg);\" role=\"img\" aria-label=\"Imatge de WhatsApp 2024-12-12 a les 14.47.16_7bdaf966\"><\/div>\n\t\t\t\t<div class=\"elementor-cta__bg-overlay\"><\/div>\n\t\t\t<\/div>\n\t\t\t\t\t\t\t<div class=\"elementor-cta__content\">\n\t\t\t\t\n\t\t\t\t\t\t\t\t\t<h2 class=\"elementor-cta__title elementor-cta__content-item elementor-content-item\">\n\t\t\t\t\t\tVoluntariado estable\t\t\t\t\t<\/h2>\n\t\t\t\t\n\t\t\t\t\t\t\t\t\t<div class=\"elementor-cta__description elementor-cta__content-item elementor-content-item\">\n\t\t\t\t\t\t\u00danete al equipo del Banc dels Aliments y colabora con nosotros de forma regular y presencial (2 d\u00edas a la semana m\u00ednimo).\t\t\t\t\t<\/div>\n\t\t\t\t\n\t\t\t\t\t\t\t\t\t<div class=\"elementor-cta__button-wrapper elementor-cta__content-item elementor-content-item \">\n\t\t\t\t\t<span class=\"elementor-cta__button elementor-button elementor-size-\">\n\t\t\t\t\t\tHaga clic aqu\u00ed\t\t\t\t\t<\/span>\n\t\t\t\t\t<\/div>\n\t\t\t\t\t\t\t<\/div>\n\t\t\t\t\t\t<\/a>\n\t\t\t\t\t\t<\/div>\n\t\t\t\t<\/div>\n\t\t\t\t\t<\/div>\n\t\t\t\t<\/div>\n\t\t<div class=\"elementor-element elementor-element-f9116d6 e-flex e-con-boxed e-con e-parent\" data-id=\"f9116d6\" data-element_type=\"container\" data-e-type=\"container\" data-settings=\"{&quot;background_background&quot;:&quot;classic&quot;}\">\n\t\t\t\t\t<div class=\"e-con-inner\">\n\t\t<div class=\"elementor-element elementor-element-26a5762 e-con-full e-flex e-con e-child\" data-id=\"26a5762\" data-element_type=\"container\" data-e-type=\"container\" data-settings=\"{&quot;background_background&quot;:&quot;classic&quot;}\">\n\t\t\t\t<div class=\"elementor-element elementor-element-9f9f497 elementor-widget elementor-widget-heading\" data-id=\"9f9f497\" data-element_type=\"widget\" data-e-type=\"widget\" data-widget_type=\"heading.default\">\n\t\t\t\t\t<h2 class=\"elementor-heading-title elementor-size-default\">M\u00e1s de 200 personas voluntarias<\/h2>\t\t\t\t<\/div>\n\t\t\t\t<div class=\"elementor-element elementor-element-bd233c7 elementor-widget-divider--view-line elementor-widget elementor-widget-divider\" data-id=\"bd233c7\" data-element_type=\"widget\" data-e-type=\"widget\" data-widget_type=\"divider.default\">\n\t\t\t\t\t\t\t<div class=\"elementor-divider\">\n\t\t\t<span class=\"elementor-divider-separator\">\n\t\t\t\t\t\t<\/span>\n\t\t<\/div>\n\t\t\t\t\t\t<\/div>\n\t\t\t\t<div class=\"elementor-element elementor-element-037a53e elementor-widget elementor-widget-text-editor\" data-id=\"037a53e\" data-element_type=\"widget\" data-e-type=\"widget\" data-widget_type=\"text-editor.default\">\n\t\t\t\t\t\t\t\t\t<p>Nuestra organizaci\u00f3n cuenta con el apoyo de un equipo de m\u00e1s de 200 personas voluntarias, que de forma regular aseguran el funcionamiento del Banc dels Aliments junto con el equipo de personas asalariadas.<\/p><p><b>Te invitamos a ser parte de esta experiencia \u00fanica de trabajar codo con codo con personas<\/b> comprometidas que buscan mejorar nuestra sociedad y luchar activamente contra las desigualdades.<\/p><p>La labor del Banc dels Aliments no ser\u00eda posible sin la contribuci\u00f3n imprescindible de nuestra red de personas voluntarias, que trabajan de forma altruista para apoyar nuestro proyecto y hacer posible nuestra misi\u00f3n.<\/p>\t\t\t\t\t\t\t\t<\/div>\n\t\t\t\t<\/div>\n\t\t<div class=\"elementor-element elementor-element-4fe4108 e-con-full elementor-hidden-mobile e-flex e-con e-child\" data-id=\"4fe4108\" data-element_type=\"container\" data-e-type=\"container\">\n\t\t\t\t<div class=\"elementor-element elementor-element-efa8d6f elementor-widget__width-inherit elementor-absolute elementor-hidden-mobile elementor-widget elementor-widget-image\" data-id=\"efa8d6f\" data-element_type=\"widget\" data-e-type=\"widget\" data-settings=\"{&quot;_position&quot;:&quot;absolute&quot;}\" data-widget_type=\"image.default\">\n\t\t\t\t\t\t\t\t\t\t\t\t\t\t\t<img fetchpriority=\"high\" decoding=\"async\" width=\"683\" height=\"1024\" src=\"https:\/\/bancdelsalimentsgirona.org\/wp-content\/uploads\/2025\/08\/250828BancAliments42-683x1024.webp\" class=\"attachment-large size-large wp-image-10298\" alt=\"\" srcset=\"https:\/\/bancdelsalimentsgirona.org\/wp-content\/uploads\/2025\/08\/250828BancAliments42-683x1024.webp 683w, https:\/\/bancdelsalimentsgirona.org\/wp-content\/uploads\/2025\/08\/250828BancAliments42-200x300.webp 200w, https:\/\/bancdelsalimentsgirona.org\/wp-content\/uploads\/2025\/08\/250828BancAliments42-768x1152.webp 768w, https:\/\/bancdelsalimentsgirona.org\/wp-content\/uploads\/2025\/08\/250828BancAliments42-1024x1536.webp 1024w, https:\/\/bancdelsalimentsgirona.org\/wp-content\/uploads\/2025\/08\/250828BancAliments42-1365x2048.webp 1365w, https:\/\/bancdelsalimentsgirona.org\/wp-content\/uploads\/2025\/08\/250828BancAliments42-scaled.webp 1707w\" sizes=\"(max-width: 683px) 100vw, 683px\" \/>\t\t\t\t\t\t\t\t\t\t\t\t\t\t\t<\/div>\n\t\t\t\t<\/div>\n\t\t\t\t\t<\/div>\n\t\t\t\t<\/div>\n\t\t<div class=\"elementor-element elementor-element-5a00674 e-flex e-con-boxed e-con e-parent\" data-id=\"5a00674\" data-element_type=\"container\" data-e-type=\"container\">\n\t\t\t\t\t<div class=\"e-con-inner\">\n\t\t\t\t<div class=\"elementor-element elementor-element-6e8c6c0 elementor-widget elementor-widget-heading\" data-id=\"6e8c6c0\" data-element_type=\"widget\" data-e-type=\"widget\" data-widget_type=\"heading.default\">\n\t\t\t\t\t<h2 class=\"elementor-heading-title elementor-size-default\">Empresas, centros escolares y colectivos <\/h2>\t\t\t\t<\/div>\n\t\t<div class=\"elementor-element elementor-element-ebe1cb9 e-con-full elementor-hidden-mobile e-flex e-con e-child\" data-id=\"ebe1cb9\" data-element_type=\"container\" data-e-type=\"container\">\n\t\t\t\t<div class=\"elementor-element elementor-element-08075a1 elementor-cta--layout-image-left elementor-cta--skin-classic elementor-animated-content elementor-bg-transform elementor-bg-transform-zoom-in elementor-widget elementor-widget-call-to-action\" data-id=\"08075a1\" data-element_type=\"widget\" data-e-type=\"widget\" data-widget_type=\"call-to-action.default\">\n\t\t\t\t\t\t\t<a class=\"elementor-cta\" href=\"https:\/\/bancdelsalimentsgirona.org\/es\/voluntariado-corporativo\/\">\n\t\t\t\t\t<div class=\"elementor-cta__bg-wrapper\">\n\t\t\t\t<div class=\"elementor-cta__bg elementor-bg\" style=\"background-image: url(https:\/\/bancdelsalimentsgirona.org\/wp-content\/uploads\/2025\/08\/5.webp);\" role=\"img\" aria-label=\"5\"><\/div>\n\t\t\t\t<div class=\"elementor-cta__bg-overlay\"><\/div>\n\t\t\t<\/div>\n\t\t\t\t\t\t\t<div class=\"elementor-cta__content\">\n\t\t\t\t\n\t\t\t\t\t\t\t\t\t<h2 class=\"elementor-cta__title elementor-cta__content-item elementor-content-item\">\n\t\t\t\t\t\tVoluntariado para colectivos\t\t\t\t\t<\/h2>\n\t\t\t\t\n\t\t\t\t\t\t\t\t\t<div class=\"elementor-cta__description elementor-cta__content-item elementor-content-item\">\n\t\t\t\t\t\tLe invitamos a organizar y participar en tareas de voluntariado en grupo con su empresa, escuela o colectivo.\nA trav\u00e9s de esta experiencia compartida, podr\u00e1 colaborar activamente en proyectos solidarios, reforzar el v\u00ednculo entre miembros de su grupo y contribuir al bienestar de nuestra comunidad.\t\t\t\t\t<\/div>\n\t\t\t\t\n\t\t\t\t\t\t\t\t\t<div class=\"elementor-cta__button-wrapper elementor-cta__content-item elementor-content-item \">\n\t\t\t\t\t<span class=\"elementor-cta__button elementor-button elementor-size-\">\n\t\t\t\t\t\tHaga clic aqu\u00ed\t\t\t\t\t<\/span>\n\t\t\t\t\t<\/div>\n\t\t\t\t\t\t\t<\/div>\n\t\t\t\t\t\t<\/a>\n\t\t\t\t\t\t<\/div>\n\t\t\t\t<\/div>\n\t\t<div class=\"elementor-element elementor-element-f497250 e-con-full elementor-hidden-desktop elementor-hidden-tablet e-flex e-con e-child\" data-id=\"f497250\" data-element_type=\"container\" data-e-type=\"container\">\n\t\t\t\t<div class=\"elementor-element elementor-element-b8036bf elementor-cta--skin-classic elementor-animated-content elementor-bg-transform elementor-bg-transform-zoom-in elementor-widget elementor-widget-call-to-action\" data-id=\"b8036bf\" data-element_type=\"widget\" data-e-type=\"widget\" data-settings=\"{&quot;_animation_mobile&quot;:&quot;zoomIn&quot;}\" data-widget_type=\"call-to-action.default\">\n\t\t\t\t\t\t\t<a class=\"elementor-cta\" href=\"https:\/\/bancdelsalimentsgirona.org\/es\/voluntariado-corporativo\/\">\n\t\t\t\t\t<div class=\"elementor-cta__bg-wrapper\">\n\t\t\t\t<div class=\"elementor-cta__bg elementor-bg\" style=\"background-image: url(https:\/\/bancdelsalimentsgirona.org\/wp-content\/uploads\/2025\/08\/250828BancAliments68-683x1024.webp);\" role=\"img\" aria-label=\"250828BancAliments68\"><\/div>\n\t\t\t\t<div class=\"elementor-cta__bg-overlay\"><\/div>\n\t\t\t<\/div>\n\t\t\t\t\t\t\t<div class=\"elementor-cta__content\">\n\t\t\t\t\n\t\t\t\t\t\t\t\t\t<h2 class=\"elementor-cta__title elementor-cta__content-item elementor-content-item\">\n\t\t\t\t\t\tVoluntariado para colectivos\t\t\t\t\t<\/h2>\n\t\t\t\t\n\t\t\t\t\t\t\t\t\t<div class=\"elementor-cta__description elementor-cta__content-item elementor-content-item\">\n\t\t\t\t\t\tLe invitamos a organizar y participar en tareas de voluntariado en grupo con su empresa, escuela o colectivo.\nA trav\u00e9s de esta experiencia compartida, podr\u00e1 colaborar activamente en proyectos solidarios, reforzar el v\u00ednculo entre miembros de su grupo y contribuir al bienestar de nuestra comunidad.\t\t\t\t\t<\/div>\n\t\t\t\t\n\t\t\t\t\t\t\t\t\t<div class=\"elementor-cta__button-wrapper elementor-cta__content-item elementor-content-item \">\n\t\t\t\t\t<span class=\"elementor-cta__button elementor-button elementor-size-\">\n\t\t\t\t\t\tHaga clic aqu\u00ed\t\t\t\t\t<\/span>\n\t\t\t\t\t<\/div>\n\t\t\t\t\t\t\t<\/div>\n\t\t\t\t\t\t<\/a>\n\t\t\t\t\t\t<\/div>\n\t\t\t\t<\/div>\n\t\t\t\t\t<\/div>\n\t\t\t\t<\/div>\n\t\t\t\t<\/div>\n\t\t","protected":false},"excerpt":{"rendered":"<p>Fes-te voluntari Fer-se voluntari Donacions Quiero hacerme voluntariado El Banc dels Aliments cuenta con m\u00e1s de 200 colaboradores regulares, aportando su tiempo y sus conocimientos, para ayudar a los m\u00e1s necesitados. Puedes unirte de forma estable o tambi\u00e9n participar de forma puntual. Tipo de voluntariado Voluntariado puntual \u00danete a las campa\u00f1as solidarias de recogida de [&hellip;]<\/p>\n","protected":false},"author":316,"featured_media":0,"parent":0,"menu_order":0,"comment_status":"closed","ping_status":"closed","template":"","meta":{"give_campaign_id":0,"footnotes":""},"class_list":["post-10300","page","type-page","status-publish","hentry"],"campaignId":"","_links":{"self":[{"href":"https:\/\/bancdelsalimentsgirona.org\/es\/wp-json\/wp\/v2\/pages\/10300","targetHints":{"allow":["GET"]}}],"collection":[{"href":"https:\/\/bancdelsalimentsgirona.org\/es\/wp-json\/wp\/v2\/pages"}],"about":[{"href":"https:\/\/bancdelsalimentsgirona.org\/es\/wp-json\/wp\/v2\/types\/page"}],"author":[{"embeddable":true,"href":"https:\/\/bancdelsalimentsgirona.org\/es\/wp-json\/wp\/v2\/users\/316"}],"replies":[{"embeddable":true,"href":"https:\/\/bancdelsalimentsgirona.org\/es\/wp-json\/wp\/v2\/comments?post=10300"}],"version-history":[{"count":0,"href":"https:\/\/bancdelsalimentsgirona.org\/es\/wp-json\/wp\/v2\/pages\/10300\/revisions"}],"wp:attachment":[{"href":"https:\/\/bancdelsalimentsgirona.org\/es\/wp-json\/wp\/v2\/media?parent=10300"}],"curies":[{"name":"wp","href":"https:\/\/api.w.org\/{rel}","templated":true}]}}