{"id":10137,"date":"2025-09-02T22:05:17","date_gmt":"2025-09-02T21:05:17","guid":{"rendered":"https:\/\/bancdelsalimentsgirona.org\/aprovisionamiento-alimentario\/"},"modified":"2025-10-02T08:16:15","modified_gmt":"2025-10-02T07:16:15","slug":"aprovisionamiento-alimentario","status":"publish","type":"page","link":"https:\/\/bancdelsalimentsgirona.org\/es\/aprovisionamiento-alimentario\/","title":{"rendered":"Aprovisionamiento alimentario"},"content":{"rendered":"\t\t<div data-elementor-type=\"wp-page\" data-elementor-id=\"10137\" class=\"elementor elementor-10137 elementor-8158\" data-elementor-post-type=\"page\">\n\t\t\t\t<div class=\"elementor-element elementor-element-23659369 e-flex e-con-boxed e-con e-parent\" data-id=\"23659369\" data-element_type=\"container\" data-e-type=\"container\">\n\t\t\t\t\t<div class=\"e-con-inner\">\n\t\t\t\t<div class=\"elementor-element elementor-element-15d1eaef elementor-widget elementor-widget-heading\" data-id=\"15d1eaef\" data-element_type=\"widget\" data-e-type=\"widget\" data-widget_type=\"heading.default\">\n\t\t\t\t\t<h1 class=\"elementor-heading-title elementor-size-default\">Aprovisionamiento alimentario<\/h1>\t\t\t\t<\/div>\n\t\t<div class=\"elementor-element elementor-element-245432fd e-con-full e-flex e-con e-child\" data-id=\"245432fd\" data-element_type=\"container\" data-e-type=\"container\">\n\t\t\t\t<div class=\"elementor-element elementor-element-76b4fc76 elementor-widget elementor-widget-button\" data-id=\"76b4fc76\" data-element_type=\"widget\" data-e-type=\"widget\" data-widget_type=\"button.default\">\n\t\t\t\t\t\t\t\t\t\t<a class=\"elementor-button elementor-button-link elementor-size-sm\" href=\"https:\/\/bancdelsalimentsgirona.org\/es\/hacerse-voluntario\/\">\n\t\t\t\t\t\t<span class=\"elementor-button-content-wrapper\">\n\t\t\t\t\t\t\t\t\t<span class=\"elementor-button-text\">Hacerse voluntario<\/span>\n\t\t\t\t\t<\/span>\n\t\t\t\t\t<\/a>\n\t\t\t\t\t\t\t\t<\/div>\n\t\t\t\t<div class=\"elementor-element elementor-element-261e1e6 elementor-widget elementor-widget-button\" data-id=\"261e1e6\" data-element_type=\"widget\" data-e-type=\"widget\" data-widget_type=\"button.default\">\n\t\t\t\t\t\t\t\t\t\t<a class=\"elementor-button elementor-button-link elementor-size-sm\" href=\"https:\/\/bancdelsalimentsgirona.org\/es\/donacion-economica\/\">\n\t\t\t\t\t\t<span class=\"elementor-button-content-wrapper\">\n\t\t\t\t\t\t\t\t\t<span class=\"elementor-button-text\">Donaciones<\/span>\n\t\t\t\t\t<\/span>\n\t\t\t\t\t<\/a>\n\t\t\t\t\t\t\t\t<\/div>\n\t\t\t\t<\/div>\n\t\t\t\t\t<\/div>\n\t\t\t\t<\/div>\n\t\t<div class=\"elementor-element elementor-element-eed5fdd e-flex e-con-boxed e-con e-parent\" data-id=\"eed5fdd\" data-element_type=\"container\" data-e-type=\"container\">\n\t\t\t\t\t<div class=\"e-con-inner\">\n\t\t\t\t<div class=\"elementor-element elementor-element-1d915e1 elementor-widget elementor-widget-heading\" data-id=\"1d915e1\" data-element_type=\"widget\" data-e-type=\"widget\" data-widget_type=\"heading.default\">\n\t\t\t\t\t<h2 class=\"elementor-heading-title elementor-size-default\">El Banco de Alimentos obtiene los alimentos a lo largo del a\u00f1o a trav\u00e9s de diversas v\u00edas:<\/h2>\t\t\t\t<\/div>\n\t\t\t\t\t<\/div>\n\t\t\t\t<\/div>\n\t\t<div class=\"elementor-element elementor-element-ab3f3b5 elementor-hidden-desktop elementor-hidden-tablet e-flex e-con-boxed e-con e-parent\" data-id=\"ab3f3b5\" data-element_type=\"container\" data-e-type=\"container\" data-settings=\"{&quot;background_background&quot;:&quot;classic&quot;}\">\n\t\t\t\t\t<div class=\"e-con-inner\">\n\t\t<div class=\"elementor-element elementor-element-ac02ac6 e-con-full e-flex e-con e-child\" data-id=\"ac02ac6\" data-element_type=\"container\" data-e-type=\"container\">\n\t\t\t\t<div class=\"elementor-element elementor-element-9bf0d65 elementor-widget__width-initial animated-slow elementor-widget-tablet__width-initial elementor-widget-mobile__width-inherit elementor-invisible elementor-widget elementor-widget-text-editor\" data-id=\"9bf0d65\" data-element_type=\"widget\" data-e-type=\"widget\" data-settings=\"{&quot;_animation&quot;:&quot;zoomIn&quot;}\" data-widget_type=\"text-editor.default\">\n\t\t\t\t\t\t\t\t\t<strong>Donaciones de productos<\/strong> por parte de la industria alimentaria, como supermercados, distribuidores y productores, de particulares y programas institucionales.\t\t\t\t\t\t\t\t<\/div>\n\t\t\t\t<\/div>\n\t\t<div class=\"elementor-element elementor-element-acb8735 e-con-full e-flex e-con e-child\" data-id=\"acb8735\" data-element_type=\"container\" data-e-type=\"container\">\n\t\t<div class=\"elementor-element elementor-element-82688c3 e-con-full e-flex e-con e-child\" data-id=\"82688c3\" data-element_type=\"container\" data-e-type=\"container\">\n\t\t\t\t<div class=\"elementor-element elementor-element-6fb592c elementor-widget__width-initial elementor-widget-tablet__width-initial elementor-widget-mobile__width-inherit animated-fast elementor-invisible elementor-widget elementor-widget-text-editor\" data-id=\"6fb592c\" data-element_type=\"widget\" data-e-type=\"widget\" data-settings=\"{&quot;_animation&quot;:&quot;zoomIn&quot;}\" data-widget_type=\"text-editor.default\">\n\t\t\t\t\t\t\t\t\t<p>La colaboraci\u00f3n de <strong>empresas<\/strong> que donan excedentes es esencial para evitar el desperdicio.<\/p>\t\t\t\t\t\t\t\t<\/div>\n\t\t\t\t<\/div>\n\t\t<div class=\"elementor-element elementor-element-4b09c27 e-con-full e-flex e-con e-child\" data-id=\"4b09c27\" data-element_type=\"container\" data-e-type=\"container\">\n\t\t\t\t<div class=\"elementor-element elementor-element-dbbf27a elementor-widget__width-initial elementor-widget-tablet__width-initial elementor-widget-mobile__width-inherit elementor-invisible elementor-widget elementor-widget-text-editor\" data-id=\"dbbf27a\" data-element_type=\"widget\" data-e-type=\"widget\" data-settings=\"{&quot;_animation&quot;:&quot;zoomIn&quot;}\" data-widget_type=\"text-editor.default\">\n\t\t\t\t\t\t\t\t\t<strong>Campa\u00f1as de recogida popular<\/strong>, como el Gran Recapte, son clave para obtener productos b\u00e1sicos.\t\t\t\t\t\t\t\t<\/div>\n\t\t\t\t<\/div>\n\t\t\t\t<\/div>\n\t\t\t\t\t<\/div>\n\t\t\t\t<\/div>\n\t\t<div class=\"elementor-element elementor-element-197bc26 elementor-hidden-mobile e-flex e-con-boxed e-con e-parent\" data-id=\"197bc26\" data-element_type=\"container\" data-e-type=\"container\" data-settings=\"{&quot;background_background&quot;:&quot;classic&quot;}\">\n\t\t\t\t\t<div class=\"e-con-inner\">\n\t\t<div class=\"elementor-element elementor-element-44f1b27 e-con-full e-flex e-con e-child\" data-id=\"44f1b27\" data-element_type=\"container\" data-e-type=\"container\">\n\t\t\t\t<div class=\"elementor-element elementor-element-0d5dd2a elementor-widget__width-initial elementor-absolute animated-slow e-transform elementor-invisible elementor-widget elementor-widget-image\" data-id=\"0d5dd2a\" data-element_type=\"widget\" data-e-type=\"widget\" data-settings=\"{&quot;_position&quot;:&quot;absolute&quot;,&quot;motion_fx_rotateZ_effect&quot;:&quot;yes&quot;,&quot;motion_fx_rotateZ_speed&quot;:{&quot;unit&quot;:&quot;px&quot;,&quot;size&quot;:7.1,&quot;sizes&quot;:[]},&quot;_animation&quot;:&quot;rotateIn&quot;,&quot;_animation_delay&quot;:400,&quot;_transform_rotateZ_effect&quot;:{&quot;unit&quot;:&quot;px&quot;,&quot;size&quot;:211,&quot;sizes&quot;:[]},&quot;_transform_rotate_3d&quot;:&quot;yes&quot;,&quot;motion_fx_motion_fx_scrolling&quot;:&quot;yes&quot;,&quot;motion_fx_rotateZ_direction&quot;:&quot;negative&quot;,&quot;motion_fx_rotateZ_affectedRange&quot;:{&quot;unit&quot;:&quot;%&quot;,&quot;size&quot;:&quot;&quot;,&quot;sizes&quot;:{&quot;start&quot;:0,&quot;end&quot;:75}},&quot;motion_fx_devices&quot;:[&quot;desktop&quot;,&quot;tablet&quot;,&quot;mobile&quot;],&quot;_transform_rotateZ_effect_tablet&quot;:{&quot;unit&quot;:&quot;deg&quot;,&quot;size&quot;:&quot;&quot;,&quot;sizes&quot;:[]},&quot;_transform_rotateZ_effect_mobile&quot;:{&quot;unit&quot;:&quot;deg&quot;,&quot;size&quot;:&quot;&quot;,&quot;sizes&quot;:[]},&quot;_transform_rotateX_effect&quot;:{&quot;unit&quot;:&quot;px&quot;,&quot;size&quot;:&quot;&quot;,&quot;sizes&quot;:[]},&quot;_transform_rotateX_effect_tablet&quot;:{&quot;unit&quot;:&quot;deg&quot;,&quot;size&quot;:&quot;&quot;,&quot;sizes&quot;:[]},&quot;_transform_rotateX_effect_mobile&quot;:{&quot;unit&quot;:&quot;deg&quot;,&quot;size&quot;:&quot;&quot;,&quot;sizes&quot;:[]},&quot;_transform_rotateY_effect&quot;:{&quot;unit&quot;:&quot;px&quot;,&quot;size&quot;:&quot;&quot;,&quot;sizes&quot;:[]},&quot;_transform_rotateY_effect_tablet&quot;:{&quot;unit&quot;:&quot;deg&quot;,&quot;size&quot;:&quot;&quot;,&quot;sizes&quot;:[]},&quot;_transform_rotateY_effect_mobile&quot;:{&quot;unit&quot;:&quot;deg&quot;,&quot;size&quot;:&quot;&quot;,&quot;sizes&quot;:[]},&quot;_transform_perspective_effect&quot;:{&quot;unit&quot;:&quot;px&quot;,&quot;size&quot;:&quot;&quot;,&quot;sizes&quot;:[]},&quot;_transform_perspective_effect_tablet&quot;:{&quot;unit&quot;:&quot;px&quot;,&quot;size&quot;:&quot;&quot;,&quot;sizes&quot;:[]},&quot;_transform_perspective_effect_mobile&quot;:{&quot;unit&quot;:&quot;px&quot;,&quot;size&quot;:&quot;&quot;,&quot;sizes&quot;:[]}}\" data-widget_type=\"image.default\">\n\t\t\t\t\t\t\t\t\t\t\t\t\t\t\t<img fetchpriority=\"high\" decoding=\"async\" width=\"800\" height=\"800\" src=\"https:\/\/bancdelsalimentsgirona.org\/wp-content\/uploads\/2025\/09\/roda_1-e1756851983679.webp\" class=\"attachment-large size-large wp-image-10132\" alt=\"\" srcset=\"https:\/\/bancdelsalimentsgirona.org\/wp-content\/uploads\/2025\/09\/roda_1-e1756851983679.webp 1000w, https:\/\/bancdelsalimentsgirona.org\/wp-content\/uploads\/2025\/09\/roda_1-e1756851983679-300x300.webp 300w, https:\/\/bancdelsalimentsgirona.org\/wp-content\/uploads\/2025\/09\/roda_1-e1756851983679-150x150.webp 150w, https:\/\/bancdelsalimentsgirona.org\/wp-content\/uploads\/2025\/09\/roda_1-e1756851983679-768x768.webp 768w\" sizes=\"(max-width: 800px) 100vw, 800px\" \/>\t\t\t\t\t\t\t\t\t\t\t\t\t\t\t<\/div>\n\t\t\t\t<div class=\"elementor-element elementor-element-691a904 elementor-widget__width-initial animated-slow elementor-widget-tablet__width-initial elementor-invisible elementor-widget elementor-widget-text-editor\" data-id=\"691a904\" data-element_type=\"widget\" data-e-type=\"widget\" data-settings=\"{&quot;_animation&quot;:&quot;zoomIn&quot;}\" data-widget_type=\"text-editor.default\">\n\t\t\t\t\t\t\t\t\t<strong>Donaciones de productos<\/strong> por parte de la industria alimentaria, como supermercados, distribuidores y productores, de particulares y programas institucionales.\t\t\t\t\t\t\t\t<\/div>\n\t\t\t\t<\/div>\n\t\t<div class=\"elementor-element elementor-element-3a9bccb e-con-full e-flex e-con e-child\" data-id=\"3a9bccb\" data-element_type=\"container\" data-e-type=\"container\">\n\t\t<div class=\"elementor-element elementor-element-4fefe83 e-con-full e-flex e-con e-child\" data-id=\"4fefe83\" data-element_type=\"container\" data-e-type=\"container\">\n\t\t\t\t<div class=\"elementor-element elementor-element-b580213 elementor-widget__width-initial animated-fast elementor-widget-tablet__width-initial elementor-invisible elementor-widget elementor-widget-text-editor\" data-id=\"b580213\" data-element_type=\"widget\" data-e-type=\"widget\" data-settings=\"{&quot;_animation&quot;:&quot;fadeIn&quot;}\" data-widget_type=\"text-editor.default\">\n\t\t\t\t\t\t\t\t\t<p>La colaboraci\u00f3n de <strong>empresas<\/strong> que donan excedentes es esencial para evitar el desperdicio.<\/p>\t\t\t\t\t\t\t\t<\/div>\n\t\t\t\t<\/div>\n\t\t<div class=\"elementor-element elementor-element-36b19fc e-con-full e-flex e-con e-child\" data-id=\"36b19fc\" data-element_type=\"container\" data-e-type=\"container\">\n\t\t\t\t<div class=\"elementor-element elementor-element-8120fc0 elementor-widget__width-initial elementor-widget-tablet__width-initial elementor-invisible elementor-widget elementor-widget-text-editor\" data-id=\"8120fc0\" data-element_type=\"widget\" data-e-type=\"widget\" data-settings=\"{&quot;_animation&quot;:&quot;zoomIn&quot;}\" data-widget_type=\"text-editor.default\">\n\t\t\t\t\t\t\t\t\t<strong>Campa\u00f1as de recogida popular<\/strong>, como el Gran Recapte, son clave para obtener productos b\u00e1sicos.\t\t\t\t\t\t\t\t<\/div>\n\t\t\t\t<\/div>\n\t\t\t\t<\/div>\n\t\t\t\t\t<\/div>\n\t\t\t\t<\/div>\n\t\t<div class=\"elementor-element elementor-element-7a484bb6 e-flex e-con-boxed e-con e-parent\" data-id=\"7a484bb6\" data-element_type=\"container\" data-e-type=\"container\">\n\t\t\t\t\t<div class=\"e-con-inner\">\n\t\t\t\t\t<\/div>\n\t\t\t\t<\/div>\n\t\t<div class=\"elementor-element elementor-element-387000f e-flex e-con-boxed e-con e-parent\" data-id=\"387000f\" data-element_type=\"container\" data-e-type=\"container\">\n\t\t\t\t\t<div class=\"e-con-inner\">\n\t\t\t\t<div class=\"elementor-element elementor-element-ccc88ec elementor-widget elementor-widget-heading\" data-id=\"ccc88ec\" data-element_type=\"widget\" data-e-type=\"widget\" data-widget_type=\"heading.default\">\n\t\t\t\t\t<h2 class=\"elementor-heading-title elementor-size-default\">Este apoyo permite mantener<br>la actividad todo el a\u00f1o<\/h2>\t\t\t\t<\/div>\n\t\t\t\t<div class=\"elementor-element elementor-element-74ccd43 elementor-widget elementor-widget-text-editor\" data-id=\"74ccd43\" data-element_type=\"widget\" data-e-type=\"widget\" data-widget_type=\"text-editor.default\">\n\t\t\t\t\t\t\t\t\t<p class=\"cvGsUA direction-ltr align-start para-style-body\"><span class=\"a_GcMg font-feature-liga-off font-feature-clig-off font-feature-calt-off text-decoration-none text-strikethrough-none\">Sin estas aportaciones, el Banco no podr\u00eda cubrir las necesidades constantes de miles de familias. La solidaridad de la sociedad hace posible una distribuci\u00f3n justa y continuada.<\/span><\/p><p class=\"cvGsUA direction-ltr align-start para-style-body\">Gracias a estas donaciones, el Banco de Alimentos puede luchar contra el hambre y el desperdicio alimentario.<\/p>\t\t\t\t\t\t\t\t<\/div>\n\t\t\t\t<div class=\"elementor-element elementor-element-5762c1e elementor-widget elementor-widget-text-editor\" data-id=\"5762c1e\" data-element_type=\"widget\" data-e-type=\"widget\" data-widget_type=\"text-editor.default\">\n\t\t\t\t\t\t\t\t\t<p class=\"cvGsUA direction-ltr align-start para-style-body\">A trav\u00e9s de diversos programas, recuperamos alimentos en diferentes fases de los procesos de producci\u00f3n, distribuci\u00f3n y consumo, asegurando siempre su seguridad alimentaria.<\/p><p> <\/p>\t\t\t\t\t\t\t\t<\/div>\n\t\t\t\t\t<\/div>\n\t\t\t\t<\/div>\n\t\t<div class=\"elementor-element elementor-element-531130c e-flex e-con-boxed e-con e-parent\" data-id=\"531130c\" data-element_type=\"container\" data-e-type=\"container\">\n\t\t\t\t\t<div class=\"e-con-inner\">\n\t\t<div class=\"elementor-element elementor-element-a729376 e-con-full e-flex e-con e-child\" data-id=\"a729376\" data-element_type=\"container\" data-e-type=\"container\">\n\t\t\t\t<div class=\"elementor-element elementor-element-bb67ce0 elementor-widget elementor-widget-image\" data-id=\"bb67ce0\" data-element_type=\"widget\" data-e-type=\"widget\" data-widget_type=\"image.default\">\n\t\t\t\t\t\t\t\t\t\t\t\t\t\t\t\t<a href=\"https:\/\/bancdelsalimentsgirona.org\/wp-content\/uploads\/2025\/09\/pdf-procedencia-dels-aliments-Banc-dels-aliments.pdf\" target=\"_blank\">\n\t\t\t\t\t\t\t<img decoding=\"async\" width=\"800\" height=\"800\" src=\"https:\/\/bancdelsalimentsgirona.org\/wp-content\/uploads\/2025\/09\/5.png\" class=\"elementor-animation-grow attachment-large size-large wp-image-10135\" alt=\"\" srcset=\"https:\/\/bancdelsalimentsgirona.org\/wp-content\/uploads\/2025\/09\/5.png 1024w, https:\/\/bancdelsalimentsgirona.org\/wp-content\/uploads\/2025\/09\/5-300x300.png 300w, https:\/\/bancdelsalimentsgirona.org\/wp-content\/uploads\/2025\/09\/5-150x150.png 150w, https:\/\/bancdelsalimentsgirona.org\/wp-content\/uploads\/2025\/09\/5-768x768.png 768w\" sizes=\"(max-width: 800px) 100vw, 800px\" \/>\t\t\t\t\t\t\t\t<\/a>\n\t\t\t\t\t\t\t\t\t\t\t\t\t\t\t<\/div>\n\t\t\t\t<\/div>\n\t\t<div class=\"elementor-element elementor-element-a8be8cb e-con-full e-flex e-con e-child\" data-id=\"a8be8cb\" data-element_type=\"container\" data-e-type=\"container\">\n\t\t\t\t<div class=\"elementor-element elementor-element-97a9b4d elementor-widget elementor-widget-image\" data-id=\"97a9b4d\" data-element_type=\"widget\" data-e-type=\"widget\" data-widget_type=\"image.default\">\n\t\t\t\t\t\t\t\t\t\t\t\t\t\t\t\t<a href=\"https:\/\/bancdelsalimentsgirona.org\/wp-content\/uploads\/2025\/09\/pdf-obtencio-dels-aliments-Banc-dels-aliments.pdf\" target=\"_blank\">\n\t\t\t\t\t\t\t<img decoding=\"async\" width=\"800\" height=\"800\" src=\"https:\/\/bancdelsalimentsgirona.org\/wp-content\/uploads\/2025\/09\/4.png\" class=\"elementor-animation-grow attachment-large size-large wp-image-10136\" alt=\"\" srcset=\"https:\/\/bancdelsalimentsgirona.org\/wp-content\/uploads\/2025\/09\/4.png 1024w, https:\/\/bancdelsalimentsgirona.org\/wp-content\/uploads\/2025\/09\/4-300x300.png 300w, https:\/\/bancdelsalimentsgirona.org\/wp-content\/uploads\/2025\/09\/4-150x150.png 150w, https:\/\/bancdelsalimentsgirona.org\/wp-content\/uploads\/2025\/09\/4-768x768.png 768w\" sizes=\"(max-width: 800px) 100vw, 800px\" \/>\t\t\t\t\t\t\t\t<\/a>\n\t\t\t\t\t\t\t\t\t\t\t\t\t\t\t<\/div>\n\t\t\t\t<\/div>\n\t\t\t\t\t<\/div>\n\t\t\t\t<\/div>\n\t\t<div class=\"elementor-element elementor-element-a41da75 e-flex e-con-boxed e-con e-parent\" data-id=\"a41da75\" data-element_type=\"container\" data-e-type=\"container\">\n\t\t\t\t\t<div class=\"e-con-inner\">\n\t\t\t\t<div class=\"elementor-element elementor-element-264f229 elementor-widget elementor-widget-spacer\" data-id=\"264f229\" data-element_type=\"widget\" data-e-type=\"widget\" data-widget_type=\"spacer.default\">\n\t\t\t\t\t\t\t<div class=\"elementor-spacer\">\n\t\t\t<div class=\"elementor-spacer-inner\"><\/div>\n\t\t<\/div>\n\t\t\t\t\t\t<\/div>\n\t\t\t\t\t<\/div>\n\t\t\t\t<\/div>\n\t\t\t\t<\/div>\n\t\t","protected":false},"excerpt":{"rendered":"<p>Aprovisionamiento alimentario Hacerse voluntario Donaciones El Banco de Alimentos obtiene los alimentos a lo largo del a\u00f1o a trav\u00e9s de diversas v\u00edas: Donaciones de productos por parte de la industria alimentaria, como supermercados, distribuidores y productores, de particulares y programas institucionales. La colaboraci\u00f3n de empresas que donan excedentes es esencial para evitar el desperdicio. Campa\u00f1as [&hellip;]<\/p>\n","protected":false},"author":316,"featured_media":0,"parent":0,"menu_order":0,"comment_status":"closed","ping_status":"closed","template":"","meta":{"give_campaign_id":0,"footnotes":""},"class_list":["post-10137","page","type-page","status-publish","hentry"],"campaignId":"","_links":{"self":[{"href":"https:\/\/bancdelsalimentsgirona.org\/es\/wp-json\/wp\/v2\/pages\/10137","targetHints":{"allow":["GET"]}}],"collection":[{"href":"https:\/\/bancdelsalimentsgirona.org\/es\/wp-json\/wp\/v2\/pages"}],"about":[{"href":"https:\/\/bancdelsalimentsgirona.org\/es\/wp-json\/wp\/v2\/types\/page"}],"author":[{"embeddable":true,"href":"https:\/\/bancdelsalimentsgirona.org\/es\/wp-json\/wp\/v2\/users\/316"}],"replies":[{"embeddable":true,"href":"https:\/\/bancdelsalimentsgirona.org\/es\/wp-json\/wp\/v2\/comments?post=10137"}],"version-history":[{"count":0,"href":"https:\/\/bancdelsalimentsgirona.org\/es\/wp-json\/wp\/v2\/pages\/10137\/revisions"}],"wp:attachment":[{"href":"https:\/\/bancdelsalimentsgirona.org\/es\/wp-json\/wp\/v2\/media?parent=10137"}],"curies":[{"name":"wp","href":"https:\/\/api.w.org\/{rel}","templated":true}]}}